{"id":1424,"date":"2023-03-01T08:32:58","date_gmt":"2023-03-01T07:32:58","guid":{"rendered":"http:\/\/lesparge.fr\/?page_id=1424"},"modified":"2023-03-01T14:41:02","modified_gmt":"2023-03-01T13:41:02","slug":"un-capitaine-du-genie-nomme-gustave-sire-1915","status":"publish","type":"page","link":"https:\/\/lesparge.fr\/index.php\/un-capitaine-du-genie-nomme-gustave-sire-1915\/","title":{"rendered":"Un capitaine du G\u00e9nie nomm\u00e9 GUSTAVE SIRE &#8211; 1915"},"content":{"rendered":"\t\t<div data-elementor-type=\"wp-post\" data-elementor-id=\"1424\" class=\"elementor elementor-1424\">\n\t\t\t\t\t\t<section class=\"elementor-section elementor-top-section elementor-element elementor-element-52f4a53 elementor-section-boxed elementor-section-height-default elementor-section-height-default\" data-id=\"52f4a53\" data-element_type=\"section\" data-e-type=\"section\" data-settings=\"{&quot;background_background&quot;:&quot;gradient&quot;}\">\n\t\t\t\t\t\t<div class=\"elementor-container elementor-column-gap-default\">\n\t\t\t\t\t<div class=\"elementor-column elementor-col-100 elementor-top-column elementor-element elementor-element-223ca2b\" data-id=\"223ca2b\" data-element_type=\"column\" data-e-type=\"column\">\n\t\t\t<div class=\"elementor-widget-wrap elementor-element-populated\">\n\t\t\t\t\t\t<div class=\"elementor-element elementor-element-b68abcc elementor-widget elementor-widget-spacer\" data-id=\"b68abcc\" data-element_type=\"widget\" data-e-type=\"widget\" data-widget_type=\"spacer.default\">\n\t\t\t\t<div class=\"elementor-widget-container\">\n\t\t\t\t\t\t\t<div class=\"elementor-spacer\">\n\t\t\t<div class=\"elementor-spacer-inner\"><\/div>\n\t\t<\/div>\n\t\t\t\t\t\t<\/div>\n\t\t\t\t<\/div>\n\t\t\t\t<div class=\"elementor-element elementor-element-be2f199 center-mobile elementor-widget elementor-widget-heading\" data-id=\"be2f199\" data-element_type=\"widget\" data-e-type=\"widget\" data-widget_type=\"heading.default\">\n\t\t\t\t<div class=\"elementor-widget-container\">\n\t\t\t\t\t<h2 class=\"elementor-heading-title elementor-size-default\">Un capitaine du G\u00e9nie nomm\u00e9 GUSTAVE SIRE - 1915<\/h2>\t\t\t\t<\/div>\n\t\t\t\t<\/div>\n\t\t\t\t<div class=\"elementor-element elementor-element-a2a4078 elementor-widget-divider--view-line elementor-widget elementor-widget-divider\" data-id=\"a2a4078\" data-element_type=\"widget\" data-e-type=\"widget\" data-widget_type=\"divider.default\">\n\t\t\t\t<div class=\"elementor-widget-container\">\n\t\t\t\t\t\t\t<div class=\"elementor-divider\">\n\t\t\t<span class=\"elementor-divider-separator\">\n\t\t\t\t\t\t<\/span>\n\t\t<\/div>\n\t\t\t\t\t\t<\/div>\n\t\t\t\t<\/div>\n\t\t\t\t<section class=\"elementor-section elementor-inner-section elementor-element elementor-element-85e8e75 elementor-section-boxed elementor-section-height-default elementor-section-height-default\" data-id=\"85e8e75\" data-element_type=\"section\" data-e-type=\"section\">\n\t\t\t\t\t\t<div class=\"elementor-container elementor-column-gap-default\">\n\t\t\t\t\t<div class=\"elementor-column elementor-col-50 elementor-inner-column elementor-element elementor-element-46e148f\" data-id=\"46e148f\" data-element_type=\"column\" data-e-type=\"column\">\n\t\t\t<div class=\"elementor-widget-wrap elementor-element-populated\">\n\t\t\t\t\t\t<div class=\"elementor-element elementor-element-451d36a elementor-widget elementor-widget-image\" data-id=\"451d36a\" data-element_type=\"widget\" data-e-type=\"widget\" data-widget_type=\"image.default\">\n\t\t\t\t<div class=\"elementor-widget-container\">\n\t\t\t\t\t\t\t\t\t\t\t\t\t\t\t\t<a href=\"https:\/\/lesparge.fr\/wp-content\/uploads\/2023\/02\/sire_verso.png\">\n\t\t\t\t\t\t\t<img fetchpriority=\"high\" decoding=\"async\" width=\"775\" height=\"1024\" src=\"https:\/\/lesparge.fr\/wp-content\/uploads\/2023\/02\/l-sire-775x1024.png\" class=\"attachment-large size-large wp-image-1304\" alt=\"\" srcset=\"https:\/\/lesparge.fr\/wp-content\/uploads\/2023\/02\/l-sire-775x1024.png 775w, https:\/\/lesparge.fr\/wp-content\/uploads\/2023\/02\/l-sire-227x300.png 227w, https:\/\/lesparge.fr\/wp-content\/uploads\/2023\/02\/l-sire-768x1015.png 768w, https:\/\/lesparge.fr\/wp-content\/uploads\/2023\/02\/l-sire-1162x1536.png 1162w, https:\/\/lesparge.fr\/wp-content\/uploads\/2023\/02\/l-sire.png 1200w\" sizes=\"(max-width: 775px) 100vw, 775px\" \/>\t\t\t\t\t\t\t\t<\/a>\n\t\t\t\t\t\t\t\t\t\t\t\t\t\t\t<\/div>\n\t\t\t\t<\/div>\n\t\t\t\t<div class=\"elementor-element elementor-element-04c3139 center-mobile elementor-widget elementor-widget-heading\" data-id=\"04c3139\" data-element_type=\"widget\" data-e-type=\"widget\" data-widget_type=\"heading.default\">\n\t\t\t\t<div class=\"elementor-widget-container\">\n\t\t\t\t\t<h2 class=\"elementor-heading-title elementor-size-default\"><a href=\"https:\/\/lesparge.fr\/wp-content\/uploads\/2023\/02\/sire_verso.png\">Cliquer pour la quatri\u00e8me de couverture<\/a><\/h2>\t\t\t\t<\/div>\n\t\t\t\t<\/div>\n\t\t\t\t\t<\/div>\n\t\t<\/div>\n\t\t\t\t<div class=\"elementor-column elementor-col-50 elementor-inner-column elementor-element elementor-element-3d2f5d7\" data-id=\"3d2f5d7\" data-element_type=\"column\" data-e-type=\"column\">\n\t\t\t<div class=\"elementor-widget-wrap elementor-element-populated\">\n\t\t\t\t\t\t<div class=\"elementor-element elementor-element-3e2d7b6 elementor-widget elementor-widget-text-editor\" data-id=\"3e2d7b6\" data-element_type=\"widget\" data-e-type=\"widget\" data-widget_type=\"text-editor.default\">\n\t\t\t\t<div class=\"elementor-widget-container\">\n\t\t\t\t\t\t\t\t\t<p>\u00a0\u00bb Un document d&rsquo;une infinie richesse humaine et historique : le manuscrit couvre la p\u00e9riode du 1er f\u00e9vrier au 22 juin 1915. C&rsquo;est le journal (&#8230;) d&rsquo;un capitaine du G\u00e9nie, Gustave Sire, qui a combattu aux \u00c9parges.\u00a0\u00bb<\/p><p class=\"\">Auteur : <span style=\"text-decoration: underline; color: #333399;\"><a style=\"color: #333399; text-decoration: underline;\" href=\"https:\/\/lesparge.fr\/wp-content\/uploads\/2023\/03\/dulcy.jpg\">Nelly Dulcy<\/a><\/span><\/p><p class=\"\">Prix: 20 \u20ac<\/p>\t\t\t\t\t\t\t\t<\/div>\n\t\t\t\t<\/div>\n\t\t\t\t<div class=\"elementor-element elementor-element-500e866 elementor-widget elementor-widget-button\" data-id=\"500e866\" data-element_type=\"widget\" data-e-type=\"widget\" data-widget_type=\"button.default\">\n\t\t\t\t<div class=\"elementor-widget-container\">\n\t\t\t\t\t\t\t\t\t<div class=\"elementor-button-wrapper\">\n\t\t\t\t\t<a class=\"elementor-button elementor-button-link elementor-size-sm\" href=\"https:\/\/lesparge.fr\/index.php\/trainers\/\">\n\t\t\t\t\t\t<span class=\"elementor-button-content-wrapper\">\n\t\t\t\t\t\t\t\t\t<span class=\"elementor-button-text\">Retour<\/span>\n\t\t\t\t\t<\/span>\n\t\t\t\t\t<\/a>\n\t\t\t\t<\/div>\n\t\t\t\t\t\t\t\t<\/div>\n\t\t\t\t<\/div>\n\t\t\t\t\t<\/div>\n\t\t<\/div>\n\t\t\t\t\t<\/div>\n\t\t<\/section>\n\t\t\t\t<div class=\"elementor-element elementor-element-be179ad elementor-widget elementor-widget-spacer\" data-id=\"be179ad\" data-element_type=\"widget\" data-e-type=\"widget\" data-widget_type=\"spacer.default\">\n\t\t\t\t<div class=\"elementor-widget-container\">\n\t\t\t\t\t\t\t<div class=\"elementor-spacer\">\n\t\t\t<div class=\"elementor-spacer-inner\"><\/div>\n\t\t<\/div>\n\t\t\t\t\t\t<\/div>\n\t\t\t\t<\/div>\n\t\t\t\t\t<\/div>\n\t\t<\/div>\n\t\t\t\t\t<\/div>\n\t\t<\/section>\n\t\t\t\t<\/div>\n\t\t","protected":false},"excerpt":{"rendered":"<p>Un capitaine du G\u00e9nie nomm\u00e9 GUSTAVE SIRE &#8211; 1915 Cliquer pour la quatri\u00e8me de couverture \u00a0\u00bb Un document d&rsquo;une infinie richesse humaine et historique : le manuscrit couvre la p\u00e9riode du 1er f\u00e9vrier au 22 juin 1915. C&rsquo;est le journal (&#8230;) d&rsquo;un capitaine du G\u00e9nie, Gustave Sire, qui a combattu aux \u00c9parges.\u00a0\u00bb Auteur : Nelly [&hellip;]<\/p>\n","protected":false},"author":1,"featured_media":0,"parent":0,"menu_order":0,"comment_status":"closed","ping_status":"closed","template":"","meta":{"ocean_post_layout":"full-screen","ocean_both_sidebars_style":"","ocean_both_sidebars_content_width":0,"ocean_both_sidebars_sidebars_width":0,"ocean_sidebar":"0","ocean_second_sidebar":"0","ocean_disable_margins":"on","ocean_add_body_class":"","ocean_shortcode_before_top_bar":"","ocean_shortcode_after_top_bar":"","ocean_shortcode_before_header":"","ocean_shortcode_after_header":"","ocean_has_shortcode":"","ocean_shortcode_after_title":"","ocean_shortcode_before_footer_widgets":"","ocean_shortcode_after_footer_widgets":"","ocean_shortcode_before_footer_bottom":"","ocean_shortcode_after_footer_bottom":"","ocean_display_top_bar":"default","ocean_display_header":"default","ocean_header_style":"","ocean_center_header_left_menu":"0","ocean_custom_header_template":"0","ocean_custom_logo":0,"ocean_custom_retina_logo":0,"ocean_custom_logo_max_width":0,"ocean_custom_logo_tablet_max_width":0,"ocean_custom_logo_mobile_max_width":0,"ocean_custom_logo_max_height":0,"ocean_custom_logo_tablet_max_height":0,"ocean_custom_logo_mobile_max_height":0,"ocean_header_custom_menu":"0","ocean_menu_typo_font_family":"0","ocean_menu_typo_font_subset":"","ocean_menu_typo_font_size":0,"ocean_menu_typo_font_size_tablet":0,"ocean_menu_typo_font_size_mobile":0,"ocean_menu_typo_font_size_unit":"px","ocean_menu_typo_font_weight":"","ocean_menu_typo_font_weight_tablet":"","ocean_menu_typo_font_weight_mobile":"","ocean_menu_typo_transform":"","ocean_menu_typo_transform_tablet":"","ocean_menu_typo_transform_mobile":"","ocean_menu_typo_line_height":0,"ocean_menu_typo_line_height_tablet":0,"ocean_menu_typo_line_height_mobile":0,"ocean_menu_typo_line_height_unit":"","ocean_menu_typo_spacing":0,"ocean_menu_typo_spacing_tablet":0,"ocean_menu_typo_spacing_mobile":0,"ocean_menu_typo_spacing_unit":"","ocean_menu_link_color":"","ocean_menu_link_color_hover":"","ocean_menu_link_color_active":"","ocean_menu_link_background":"","ocean_menu_link_hover_background":"","ocean_menu_link_active_background":"","ocean_menu_social_links_bg":"","ocean_menu_social_hover_links_bg":"","ocean_menu_social_links_color":"","ocean_menu_social_hover_links_color":"","ocean_disable_title":"on","ocean_disable_heading":"default","ocean_post_title":"","ocean_post_subheading":"","ocean_post_title_style":"background-image","ocean_post_title_background_color":"","ocean_post_title_background":1351,"ocean_post_title_bg_image_position":"center right","ocean_post_title_bg_image_attachment":"","ocean_post_title_bg_image_repeat":"","ocean_post_title_bg_image_size":"","ocean_post_title_height":0,"ocean_post_title_bg_overlay":0.6,"ocean_post_title_bg_overlay_color":"","ocean_disable_breadcrumbs":"default","ocean_breadcrumbs_color":"","ocean_breadcrumbs_separator_color":"","ocean_breadcrumbs_links_color":"","ocean_breadcrumbs_links_hover_color":"","ocean_display_footer_widgets":"default","ocean_display_footer_bottom":"default","ocean_custom_footer_template":"0","footnotes":""},"class_list":["post-1424","page","type-page","status-publish","hentry","entry"],"_links":{"self":[{"href":"https:\/\/lesparge.fr\/index.php\/wp-json\/wp\/v2\/pages\/1424","targetHints":{"allow":["GET"]}}],"collection":[{"href":"https:\/\/lesparge.fr\/index.php\/wp-json\/wp\/v2\/pages"}],"about":[{"href":"https:\/\/lesparge.fr\/index.php\/wp-json\/wp\/v2\/types\/page"}],"author":[{"embeddable":true,"href":"https:\/\/lesparge.fr\/index.php\/wp-json\/wp\/v2\/users\/1"}],"replies":[{"embeddable":true,"href":"https:\/\/lesparge.fr\/index.php\/wp-json\/wp\/v2\/comments?post=1424"}],"version-history":[{"count":22,"href":"https:\/\/lesparge.fr\/index.php\/wp-json\/wp\/v2\/pages\/1424\/revisions"}],"predecessor-version":[{"id":1519,"href":"https:\/\/lesparge.fr\/index.php\/wp-json\/wp\/v2\/pages\/1424\/revisions\/1519"}],"wp:attachment":[{"href":"https:\/\/lesparge.fr\/index.php\/wp-json\/wp\/v2\/media?parent=1424"}],"curies":[{"name":"wp","href":"https:\/\/api.w.org\/{rel}","templated":true}]}}