{"id":189,"date":"2016-05-08T17:22:51","date_gmt":"2016-05-08T15:22:51","guid":{"rendered":"https:\/\/oceanwp.org\/gym\/?page_id=189"},"modified":"2024-09-25T08:14:27","modified_gmt":"2024-09-25T06:14:27","slug":"about-us","status":"publish","type":"page","link":"https:\/\/lesparge.fr\/index.php\/about-us\/","title":{"rendered":"Qui sommes-nous ?"},"content":{"rendered":"\t\t<div data-elementor-type=\"wp-post\" data-elementor-id=\"189\" class=\"elementor elementor-189\">\n\t\t\t\t\t\t<section class=\"elementor-section elementor-top-section elementor-element elementor-element-52f4a53 elementor-section-boxed elementor-section-height-default elementor-section-height-default\" data-id=\"52f4a53\" data-element_type=\"section\" data-e-type=\"section\" data-settings=\"{&quot;background_background&quot;:&quot;gradient&quot;}\">\n\t\t\t\t\t\t<div class=\"elementor-container elementor-column-gap-default\">\n\t\t\t\t\t<div class=\"elementor-column elementor-col-100 elementor-top-column elementor-element elementor-element-223ca2b\" data-id=\"223ca2b\" data-element_type=\"column\" data-e-type=\"column\">\n\t\t\t<div class=\"elementor-widget-wrap elementor-element-populated\">\n\t\t\t\t\t\t<div class=\"elementor-element elementor-element-b68abcc elementor-widget elementor-widget-spacer\" data-id=\"b68abcc\" data-element_type=\"widget\" data-e-type=\"widget\" data-widget_type=\"spacer.default\">\n\t\t\t\t<div class=\"elementor-widget-container\">\n\t\t\t\t\t\t\t<div class=\"elementor-spacer\">\n\t\t\t<div class=\"elementor-spacer-inner\"><\/div>\n\t\t<\/div>\n\t\t\t\t\t\t<\/div>\n\t\t\t\t<\/div>\n\t\t\t\t<div class=\"elementor-element elementor-element-f7ce3db elementor-hidden-tablet elementor-hidden-mobile elementor-widget__width-initial elementor-widget elementor-widget-image\" data-id=\"f7ce3db\" data-element_type=\"widget\" data-e-type=\"widget\" data-widget_type=\"image.default\">\n\t\t\t\t<div class=\"elementor-widget-container\">\n\t\t\t\t\t\t\t\t\t\t\t\t\t\t\t<img decoding=\"async\" width=\"150\" height=\"150\" src=\"https:\/\/lesparge.fr\/wp-content\/uploads\/2023\/02\/cropped-logo-150x150.png\" class=\"attachment-thumbnail size-thumbnail wp-image-710\" alt=\"\" \/>\t\t\t\t\t\t\t\t\t\t\t\t\t\t\t<\/div>\n\t\t\t\t<\/div>\n\t\t\t\t<div class=\"elementor-element elementor-element-be2f199 center-mobile elementor-widget elementor-widget-heading\" data-id=\"be2f199\" data-element_type=\"widget\" data-e-type=\"widget\" data-widget_type=\"heading.default\">\n\t\t\t\t<div class=\"elementor-widget-container\">\n\t\t\t\t\t<h2 class=\"elementor-heading-title elementor-size-default\">L'association<\/h2>\t\t\t\t<\/div>\n\t\t\t\t<\/div>\n\t\t\t\t<div class=\"elementor-element elementor-element-a2a4078 elementor-widget-divider--view-line elementor-widget elementor-widget-divider\" data-id=\"a2a4078\" data-element_type=\"widget\" data-e-type=\"widget\" data-widget_type=\"divider.default\">\n\t\t\t\t<div class=\"elementor-widget-container\">\n\t\t\t\t\t\t\t<div class=\"elementor-divider\">\n\t\t\t<span class=\"elementor-divider-separator\">\n\t\t\t\t\t\t<\/span>\n\t\t<\/div>\n\t\t\t\t\t\t<\/div>\n\t\t\t\t<\/div>\n\t\t\t\t<div class=\"elementor-element elementor-element-8b09d1c elementor-widget elementor-widget-text-editor\" data-id=\"8b09d1c\" data-element_type=\"widget\" data-e-type=\"widget\" data-widget_type=\"text-editor.default\">\n\t\t\t\t<div class=\"elementor-widget-container\">\n\t\t\t\t\t\t\t\t\t<p>L\u2019Esparge a \u00e9t\u00e9 cr\u00e9\u00e9e en 2008 pour que l\u2019histoire et la m\u00e9moire du patrimoine des \u00c9parges ne soient pas oubli\u00e9es.<br \/>Compos\u00e9e exclusivement de b\u00e9n\u00e9voles passionn\u00e9s, elle a d\u00e9j\u00e0 \u00e0 son actif de belles r\u00e9alisations, tant dans le domaine patrimonial que litt\u00e9raire, historique ou m\u00e9moriel.<br \/>Le site des \u00c9parges est un lieu embl\u00e9matique de la Grande Guerre, dont le paysage d\u2019une rare beaut\u00e9 est encore empreint de cicatrices. Son \u00e9tonnante monumentalit\u00e9 t\u00e9moigne d\u2019un pass\u00e9 \u00e0 la fois douloureux et h\u00e9ro\u00efque. D\u00e8s sa cr\u00e9ation, L\u2019Esparge s\u2019est consacr\u00e9e \u00e0 la mise en lumi\u00e8re de ce patrimoine o\u00f9 se sont crois\u00e9s les destins d\u2019hommes et de femmes exceptionnels.<br \/>Aucun travail de recensement des archives n\u2019ayant \u00e9t\u00e9 entrepris malgr\u00e9 la richesse des t\u00e9moignages \u00e9crits et photographiques relatifs aux \u00c9parges, L\u2019Esparge a cr\u00e9\u00e9 un lieu d\u2019accueil : la Maison du site des \u00c9parges.<\/p><p>\u00a0<\/p>\t\t\t\t\t\t\t\t<\/div>\n\t\t\t\t<\/div>\n\t\t\t\t<section class=\"elementor-section elementor-inner-section elementor-element elementor-element-e91f302 elementor-section-boxed elementor-section-height-default elementor-section-height-default\" data-id=\"e91f302\" data-element_type=\"section\" data-e-type=\"section\">\n\t\t\t\t\t\t<div class=\"elementor-container elementor-column-gap-default\">\n\t\t\t\t\t<div class=\"elementor-column elementor-col-33 elementor-inner-column elementor-element elementor-element-0e56847\" data-id=\"0e56847\" data-element_type=\"column\" data-e-type=\"column\">\n\t\t\t<div class=\"elementor-widget-wrap elementor-element-populated\">\n\t\t\t\t\t\t<div class=\"elementor-element elementor-element-93db7b9 elementor-view-default elementor-widget elementor-widget-icon\" data-id=\"93db7b9\" data-element_type=\"widget\" data-e-type=\"widget\" data-widget_type=\"icon.default\">\n\t\t\t\t<div class=\"elementor-widget-container\">\n\t\t\t\t\t\t\t<div class=\"elementor-icon-wrapper\">\n\t\t\t<div class=\"elementor-icon\">\n\t\t\t<i aria-hidden=\"true\" class=\"fas fa-check\"><\/i>\t\t\t<\/div>\n\t\t<\/div>\n\t\t\t\t\t\t<\/div>\n\t\t\t\t<\/div>\n\t\t\t\t<div class=\"elementor-element elementor-element-83138fc elementor-widget elementor-widget-text-editor\" data-id=\"83138fc\" data-element_type=\"widget\" data-e-type=\"widget\" data-widget_type=\"text-editor.default\">\n\t\t\t\t<div class=\"elementor-widget-container\">\n\t\t\t\t\t\t\t\t\t<p>Depuis sa cr\u00e9ation, L\u2019Esparge a port\u00e9 et r\u00e9alis\u00e9 de nombreux projets : \u00e9vocation historique, films documentaires, inauguration du buste de Maurice Genevoix, maison du site des \u00c9parges, livres et hors-s\u00e9ries, diaporama, colloque\u2026<\/p>\t\t\t\t\t\t\t\t<\/div>\n\t\t\t\t<\/div>\n\t\t\t\t\t<\/div>\n\t\t<\/div>\n\t\t\t\t<div class=\"elementor-column elementor-col-33 elementor-inner-column elementor-element elementor-element-776399f\" data-id=\"776399f\" data-element_type=\"column\" data-e-type=\"column\">\n\t\t\t<div class=\"elementor-widget-wrap elementor-element-populated\">\n\t\t\t\t\t\t<div class=\"elementor-element elementor-element-584d3fe elementor-view-default elementor-widget elementor-widget-icon\" data-id=\"584d3fe\" data-element_type=\"widget\" data-e-type=\"widget\" data-widget_type=\"icon.default\">\n\t\t\t\t<div class=\"elementor-widget-container\">\n\t\t\t\t\t\t\t<div class=\"elementor-icon-wrapper\">\n\t\t\t<div class=\"elementor-icon\">\n\t\t\t<i aria-hidden=\"true\" class=\"fas fa-search\"><\/i>\t\t\t<\/div>\n\t\t<\/div>\n\t\t\t\t\t\t<\/div>\n\t\t\t\t<\/div>\n\t\t\t\t<div class=\"elementor-element elementor-element-966d5f1 elementor-widget elementor-widget-text-editor\" data-id=\"966d5f1\" data-element_type=\"widget\" data-e-type=\"widget\" data-widget_type=\"text-editor.default\">\n\t\t\t\t<div class=\"elementor-widget-container\">\n\t\t\t\t\t\t\t\t\t<p>Des recherches sont entreprises en biblioth\u00e8que et aux Archives d\u00e9partementales ; des documents photographiques sont collect\u00e9s. Un Fonds documentaire est accessible au public\u200b<\/p>\t\t\t\t\t\t\t\t<\/div>\n\t\t\t\t<\/div>\n\t\t\t\t\t<\/div>\n\t\t<\/div>\n\t\t\t\t<div class=\"elementor-column elementor-col-33 elementor-inner-column elementor-element elementor-element-9704d1d\" data-id=\"9704d1d\" data-element_type=\"column\" data-e-type=\"column\">\n\t\t\t<div class=\"elementor-widget-wrap elementor-element-populated\">\n\t\t\t\t\t\t<div class=\"elementor-element elementor-element-63d5ac0 elementor-view-default elementor-widget elementor-widget-icon\" data-id=\"63d5ac0\" data-element_type=\"widget\" data-e-type=\"widget\" data-widget_type=\"icon.default\">\n\t\t\t\t<div class=\"elementor-widget-container\">\n\t\t\t\t\t\t\t<div class=\"elementor-icon-wrapper\">\n\t\t\t<div class=\"elementor-icon\">\n\t\t\t<i aria-hidden=\"true\" class=\"fas fa-book-reader\"><\/i>\t\t\t<\/div>\n\t\t<\/div>\n\t\t\t\t\t\t<\/div>\n\t\t\t\t<\/div>\n\t\t\t\t<div class=\"elementor-element elementor-element-9e480e6 elementor-widget elementor-widget-text-editor\" data-id=\"9e480e6\" data-element_type=\"widget\" data-e-type=\"widget\" data-widget_type=\"text-editor.default\">\n\t\t\t\t<div class=\"elementor-widget-container\">\n\t\t\t\t\t\t\t\t\t<p>Un petit journal est \u00e9dit\u00e9 chaque trimestre pour sensibiliser le plus large public \u00e0 l\u2019histoire et au patrimoine des \u00c9parges. Nous proposons et organisons des circuits-d\u00e9couverte, des expositions, des conf\u00e9rences et nous \u00e9ditons des brochures.<\/p>\t\t\t\t\t\t\t\t<\/div>\n\t\t\t\t<\/div>\n\t\t\t\t\t<\/div>\n\t\t<\/div>\n\t\t\t\t\t<\/div>\n\t\t<\/section>\n\t\t\t\t<div class=\"elementor-element elementor-element-8e63699 elementor-widget elementor-widget-spacer\" data-id=\"8e63699\" data-element_type=\"widget\" data-e-type=\"widget\" data-widget_type=\"spacer.default\">\n\t\t\t\t<div class=\"elementor-widget-container\">\n\t\t\t\t\t\t\t<div class=\"elementor-spacer\">\n\t\t\t<div class=\"elementor-spacer-inner\"><\/div>\n\t\t<\/div>\n\t\t\t\t\t\t<\/div>\n\t\t\t\t<\/div>\n\t\t\t\t<section class=\"elementor-section elementor-inner-section elementor-element elementor-element-3996e47 elementor-section-boxed elementor-section-height-default elementor-section-height-default\" data-id=\"3996e47\" data-element_type=\"section\" data-e-type=\"section\">\n\t\t\t\t\t\t<div class=\"elementor-container elementor-column-gap-default\">\n\t\t\t\t\t<div class=\"elementor-column elementor-col-50 elementor-inner-column elementor-element elementor-element-5daed2d\" data-id=\"5daed2d\" data-element_type=\"column\" data-e-type=\"column\">\n\t\t\t<div class=\"elementor-widget-wrap elementor-element-populated\">\n\t\t\t\t\t\t<div class=\"elementor-element elementor-element-8caba62 elementor-hidden-tablet elementor-hidden-mobile elementor-widget elementor-widget-image\" data-id=\"8caba62\" data-element_type=\"widget\" data-e-type=\"widget\" data-widget_type=\"image.default\">\n\t\t\t\t<div class=\"elementor-widget-container\">\n\t\t\t\t\t\t\t\t\t\t\t\t\t\t\t<img decoding=\"async\" width=\"156\" height=\"159\" src=\"https:\/\/lesparge.fr\/wp-content\/uploads\/2023\/02\/cropped-logo.png\" class=\"attachment-full size-full wp-image-710\" alt=\"\" \/>\t\t\t\t\t\t\t\t\t\t\t\t\t\t\t<\/div>\n\t\t\t\t<\/div>\n\t\t\t\t<div class=\"elementor-element elementor-element-692d713 center-mobile elementor-widget elementor-widget-heading\" data-id=\"692d713\" data-element_type=\"widget\" data-e-type=\"widget\" data-widget_type=\"heading.default\">\n\t\t\t\t<div class=\"elementor-widget-container\">\n\t\t\t\t\t<h2 class=\"elementor-heading-title elementor-size-default\">notre \u00e9quipe<\/h2>\t\t\t\t<\/div>\n\t\t\t\t<\/div>\n\t\t\t\t<div class=\"elementor-element elementor-element-d577934 elementor-widget-divider--view-line elementor-widget elementor-widget-divider\" data-id=\"d577934\" data-element_type=\"widget\" data-e-type=\"widget\" data-widget_type=\"divider.default\">\n\t\t\t\t<div class=\"elementor-widget-container\">\n\t\t\t\t\t\t\t<div class=\"elementor-divider\">\n\t\t\t<span class=\"elementor-divider-separator\">\n\t\t\t\t\t\t<\/span>\n\t\t<\/div>\n\t\t\t\t\t\t<\/div>\n\t\t\t\t<\/div>\n\t\t\t\t<div class=\"elementor-element elementor-element-f1a6ef5 elementor-widget elementor-widget-text-editor\" data-id=\"f1a6ef5\" data-element_type=\"widget\" data-e-type=\"widget\" data-widget_type=\"text-editor.default\">\n\t\t\t\t<div class=\"elementor-widget-container\">\n\t\t\t\t\t\t\t\t\t<p><strong>Pr\u00e9sidente<\/strong> : Patricia Pierson<br><strong>Vice Pr\u00e9sidente<\/strong> : Claudine Boigegrain<br><strong>Secr\u00e9taire<\/strong>: Daniel Lahaye<br><strong>Tr\u00e9sorier<\/strong> : Jean Gil Boigegrain<br><strong>Tr\u00e9sori\u00e8re adjointe<\/strong> : Claire Carbonini<\/p>\n<p><strong style=\"font-size: 18px;\">Membres actifs:<\/strong><\/p>\n<p>Nicolas Czubak, Nelly Dulcy, Sylvie et Bernard Fran\u00e7ois, Martine Galti\u00e9, Edouard Gangloff, Annie Guckert, Linda Kaufman, Daniel Lahaye, Richard Pagliuchi, Gis\u00e8le Radi\u00e8re, Patrick Radi\u00e8re, Nadine Stocky, Patrick Stocky, Sylvie et Thierry Venayre, Rolande Villeroy.<\/p>\t\t\t\t\t\t\t\t<\/div>\n\t\t\t\t<\/div>\n\t\t\t\t\t<\/div>\n\t\t<\/div>\n\t\t\t\t<div class=\"elementor-column elementor-col-50 elementor-inner-column elementor-element elementor-element-0d975e4\" data-id=\"0d975e4\" data-element_type=\"column\" data-e-type=\"column\">\n\t\t\t<div class=\"elementor-widget-wrap elementor-element-populated\">\n\t\t\t\t\t\t<div class=\"elementor-element elementor-element-90e1c4a elementor-hidden-tablet elementor-hidden-mobile elementor-widget elementor-widget-image\" data-id=\"90e1c4a\" data-element_type=\"widget\" data-e-type=\"widget\" data-widget_type=\"image.default\">\n\t\t\t\t<div class=\"elementor-widget-container\">\n\t\t\t\t\t\t\t\t\t\t\t\t\t\t\t<img decoding=\"async\" width=\"156\" height=\"159\" src=\"https:\/\/lesparge.fr\/wp-content\/uploads\/2023\/02\/cropped-logo.png\" class=\"attachment-full size-full wp-image-710\" alt=\"\" \/>\t\t\t\t\t\t\t\t\t\t\t\t\t\t\t<\/div>\n\t\t\t\t<\/div>\n\t\t\t\t<div class=\"elementor-element elementor-element-567fa8b center-mobile elementor-widget elementor-widget-heading\" data-id=\"567fa8b\" data-element_type=\"widget\" data-e-type=\"widget\" data-widget_type=\"heading.default\">\n\t\t\t\t<div class=\"elementor-widget-container\">\n\t\t\t\t\t<h2 class=\"elementor-heading-title elementor-size-default\">Partenariat <\/h2>\t\t\t\t<\/div>\n\t\t\t\t<\/div>\n\t\t\t\t<div class=\"elementor-element elementor-element-a7279bf elementor-widget-divider--view-line elementor-widget elementor-widget-divider\" data-id=\"a7279bf\" data-element_type=\"widget\" data-e-type=\"widget\" data-widget_type=\"divider.default\">\n\t\t\t\t<div class=\"elementor-widget-container\">\n\t\t\t\t\t\t\t<div class=\"elementor-divider\">\n\t\t\t<span class=\"elementor-divider-separator\">\n\t\t\t\t\t\t<\/span>\n\t\t<\/div>\n\t\t\t\t\t\t<\/div>\n\t\t\t\t<\/div>\n\t\t\t\t<div class=\"elementor-element elementor-element-ad7e30e elementor-widget elementor-widget-text-editor\" data-id=\"ad7e30e\" data-element_type=\"widget\" data-e-type=\"widget\" data-widget_type=\"text-editor.default\">\n\t\t\t\t<div class=\"elementor-widget-container\">\n\t\t\t\t\t\t\t\t\t<p>Nous travaillons en partenariat avec des acteurs locaux :<br \/>la commune des \u00c9parges, <span style=\"text-decoration: underline;\"><a href=\"https:\/\/codecom-fresnes.com\/les-eparges\/\">la Codecom <\/a><\/span><a href=\"https:\/\/codecom-fresnes.com\/les-eparges\/\">de<\/a><a href=\"https:\/\/codecom-fresnes.com\/les-eparges\/\"> Fresnes-en-Wo\u00ebvre,<\/a> le\u00a0<span style=\"text-decoration: underline;\"><a href=\"http:\/\/cpie-meuse.fr\/\"> CPIE<\/a>,<\/span> <span style=\"text-decoration: underline;\"><a href=\"https:\/\/cheval-meuse.ffe.com\/\">la Ferme du Sonvaux<\/a>, <a href=\"http:\/\/www.adapei-meuse.fr\/\">l&rsquo;ADAPEIM<\/a><\/span>; avec l\u2019\u00c9ducation Nationale, le Conseil d\u00e9partemental de la Meuse, la R\u00e9gion Lorraine, le Parc naturel r\u00e9gional de Lorraine, <a href=\"https:\/\/memorial-verdun.fr\/\">le M\u00e9morial de Verdu<\/a>n, <span style=\"text-decoration: underline;\"><a href=\"https:\/\/www.coeurdelorraine-tourisme.fr\">l&rsquo;Office de tourisme Coeur de Lorraine<\/a><\/span>&#8230;<\/p>\t\t\t\t\t\t\t\t<\/div>\n\t\t\t\t<\/div>\n\t\t\t\t\t<\/div>\n\t\t<\/div>\n\t\t\t\t\t<\/div>\n\t\t<\/section>\n\t\t\t\t<section class=\"elementor-section elementor-inner-section elementor-element elementor-element-b84fcce elementor-section-boxed elementor-section-height-default elementor-section-height-default\" data-id=\"b84fcce\" data-element_type=\"section\" data-e-type=\"section\">\n\t\t\t\t\t\t<div class=\"elementor-container elementor-column-gap-default\">\n\t\t\t\t\t<div class=\"elementor-column elementor-col-100 elementor-inner-column elementor-element elementor-element-d6a0a2a\" data-id=\"d6a0a2a\" data-element_type=\"column\" data-e-type=\"column\">\n\t\t\t<div class=\"elementor-widget-wrap elementor-element-populated\">\n\t\t\t\t\t\t<div class=\"elementor-element elementor-element-078b04a elementor-widget elementor-widget-image\" data-id=\"078b04a\" data-element_type=\"widget\" data-e-type=\"widget\" data-widget_type=\"image.default\">\n\t\t\t\t<div class=\"elementor-widget-container\">\n\t\t\t\t\t\t\t\t\t\t\t\t\t\t\t<img decoding=\"async\" src=\"https:\/\/lesparge.fr\/wp-content\/uploads\/elementor\/thumbs\/cropped-logo-q4geve72m2ulqeucyccok3v9d24y6yp9h307qb1dz4.png\" title=\"Logo\" alt=\"Logo\" loading=\"lazy\" \/>\t\t\t\t\t\t\t\t\t\t\t\t\t\t\t<\/div>\n\t\t\t\t<\/div>\n\t\t\t\t<div class=\"elementor-element elementor-element-aa28b62 center-mobile elementor-widget elementor-widget-heading\" data-id=\"aa28b62\" data-element_type=\"widget\" data-e-type=\"widget\" data-widget_type=\"heading.default\">\n\t\t\t\t<div class=\"elementor-widget-container\">\n\t\t\t\t\t<h2 class=\"elementor-heading-title elementor-size-default\">Sites amis<\/h2>\t\t\t\t<\/div>\n\t\t\t\t<\/div>\n\t\t\t\t<div class=\"elementor-element elementor-element-561c9ae elementor-widget-divider--view-line elementor-widget elementor-widget-divider\" data-id=\"561c9ae\" data-element_type=\"widget\" data-e-type=\"widget\" data-widget_type=\"divider.default\">\n\t\t\t\t<div class=\"elementor-widget-container\">\n\t\t\t\t\t\t\t<div class=\"elementor-divider\">\n\t\t\t<span class=\"elementor-divider-separator\">\n\t\t\t\t\t\t<\/span>\n\t\t<\/div>\n\t\t\t\t\t\t<\/div>\n\t\t\t\t<\/div>\n\t\t\t\t<div class=\"elementor-element elementor-element-b9602d1 elementor-widget elementor-widget-text-editor\" data-id=\"b9602d1\" data-element_type=\"widget\" data-e-type=\"widget\" data-widget_type=\"text-editor.default\">\n\t\t\t\t<div class=\"elementor-widget-container\">\n\t\t\t\t\t\t\t\t\t<ul><li style=\"text-align: left;\"><a href=\"https:\/\/memorial-verdun.fr\/\" target=\"-blank\">Le M\u00e9morial de Verdun<\/a><\/li><li style=\"text-align: left;\"><a href=\"https:\/\/www.connaissancedelameuse.com\/\" target=\"-blank\">Connaissance de la Meuse<\/a><\/li><li style=\"text-align: left;\"><a href=\"https:\/\/www.memoiredeshommes.sga.defense.gouv.fr\/\" target=\"-blank\">M\u00e9moire des Hommes<\/a><\/li><li style=\"text-align: left;\"><a href=\"https:\/\/ceuxde14.wordpress.com\/\" target=\"-blank\">Je me souviens de Ceux de 14<\/a><\/li><\/ul>\t\t\t\t\t\t\t\t<\/div>\n\t\t\t\t<\/div>\n\t\t\t\t\t<\/div>\n\t\t<\/div>\n\t\t\t\t\t<\/div>\n\t\t<\/section>\n\t\t\t\t\t<\/div>\n\t\t<\/div>\n\t\t\t\t\t<\/div>\n\t\t<\/section>\n\t\t\t\t<\/div>\n\t\t","protected":false},"excerpt":{"rendered":"<p>L&rsquo;association L\u2019Esparge a \u00e9t\u00e9 cr\u00e9\u00e9e en 2008 pour que l\u2019histoire et la m\u00e9moire du patrimoine des \u00c9parges ne soient pas oubli\u00e9es.Compos\u00e9e exclusivement de b\u00e9n\u00e9voles passionn\u00e9s, elle a d\u00e9j\u00e0 \u00e0 son actif de belles r\u00e9alisations, tant dans le domaine patrimonial que litt\u00e9raire, historique ou m\u00e9moriel.Le site des \u00c9parges est un lieu embl\u00e9matique de la Grande Guerre, [&hellip;]<\/p>\n","protected":false},"author":1,"featured_media":0,"parent":0,"menu_order":0,"comment_status":"closed","ping_status":"closed","template":"","meta":{"ocean_post_layout":"full-screen","ocean_both_sidebars_style":"","ocean_both_sidebars_content_width":0,"ocean_both_sidebars_sidebars_width":0,"ocean_sidebar":"0","ocean_second_sidebar":"0","ocean_disable_margins":"on","ocean_add_body_class":"","ocean_shortcode_before_top_bar":"","ocean_shortcode_after_top_bar":"","ocean_shortcode_before_header":"","ocean_shortcode_after_header":"","ocean_has_shortcode":"","ocean_shortcode_after_title":"","ocean_shortcode_before_footer_widgets":"","ocean_shortcode_after_footer_widgets":"","ocean_shortcode_before_footer_bottom":"","ocean_shortcode_after_footer_bottom":"","ocean_display_top_bar":"default","ocean_display_header":"default","ocean_header_style":"","ocean_center_header_left_menu":"0","ocean_custom_header_template":"0","ocean_custom_logo":0,"ocean_custom_retina_logo":0,"ocean_custom_logo_max_width":0,"ocean_custom_logo_tablet_max_width":0,"ocean_custom_logo_mobile_max_width":0,"ocean_custom_logo_max_height":0,"ocean_custom_logo_tablet_max_height":0,"ocean_custom_logo_mobile_max_height":0,"ocean_header_custom_menu":"0","ocean_menu_typo_font_family":"0","ocean_menu_typo_font_subset":"","ocean_menu_typo_font_size":0,"ocean_menu_typo_font_size_tablet":0,"ocean_menu_typo_font_size_mobile":0,"ocean_menu_typo_font_size_unit":"px","ocean_menu_typo_font_weight":"","ocean_menu_typo_font_weight_tablet":"","ocean_menu_typo_font_weight_mobile":"","ocean_menu_typo_transform":"","ocean_menu_typo_transform_tablet":"","ocean_menu_typo_transform_mobile":"","ocean_menu_typo_line_height":0,"ocean_menu_typo_line_height_tablet":0,"ocean_menu_typo_line_height_mobile":0,"ocean_menu_typo_line_height_unit":"","ocean_menu_typo_spacing":0,"ocean_menu_typo_spacing_tablet":0,"ocean_menu_typo_spacing_mobile":0,"ocean_menu_typo_spacing_unit":"","ocean_menu_link_color":"","ocean_menu_link_color_hover":"","ocean_menu_link_color_active":"","ocean_menu_link_background":"","ocean_menu_link_hover_background":"","ocean_menu_link_active_background":"","ocean_menu_social_links_bg":"","ocean_menu_social_hover_links_bg":"","ocean_menu_social_links_color":"","ocean_menu_social_hover_links_color":"","ocean_disable_title":"default","ocean_disable_heading":"default","ocean_post_title":"","ocean_post_subheading":"","ocean_post_title_style":"background-image","ocean_post_title_background_color":"","ocean_post_title_background":744,"ocean_post_title_bg_image_position":"center left","ocean_post_title_bg_image_attachment":"","ocean_post_title_bg_image_repeat":"","ocean_post_title_bg_image_size":"","ocean_post_title_height":0,"ocean_post_title_bg_overlay":0.6,"ocean_post_title_bg_overlay_color":"","ocean_disable_breadcrumbs":"default","ocean_breadcrumbs_color":"","ocean_breadcrumbs_separator_color":"","ocean_breadcrumbs_links_color":"","ocean_breadcrumbs_links_hover_color":"","ocean_display_footer_widgets":"default","ocean_display_footer_bottom":"default","ocean_custom_footer_template":"0","footnotes":""},"class_list":["post-189","page","type-page","status-publish","hentry","entry"],"_links":{"self":[{"href":"https:\/\/lesparge.fr\/index.php\/wp-json\/wp\/v2\/pages\/189","targetHints":{"allow":["GET"]}}],"collection":[{"href":"https:\/\/lesparge.fr\/index.php\/wp-json\/wp\/v2\/pages"}],"about":[{"href":"https:\/\/lesparge.fr\/index.php\/wp-json\/wp\/v2\/types\/page"}],"author":[{"embeddable":true,"href":"https:\/\/lesparge.fr\/index.php\/wp-json\/wp\/v2\/users\/1"}],"replies":[{"embeddable":true,"href":"https:\/\/lesparge.fr\/index.php\/wp-json\/wp\/v2\/comments?post=189"}],"version-history":[{"count":122,"href":"https:\/\/lesparge.fr\/index.php\/wp-json\/wp\/v2\/pages\/189\/revisions"}],"predecessor-version":[{"id":4502,"href":"https:\/\/lesparge.fr\/index.php\/wp-json\/wp\/v2\/pages\/189\/revisions\/4502"}],"wp:attachment":[{"href":"https:\/\/lesparge.fr\/index.php\/wp-json\/wp\/v2\/media?parent=189"}],"curies":[{"name":"wp","href":"https:\/\/api.w.org\/{rel}","templated":true}]}}