{"id":2232,"date":"2023-03-16T11:46:38","date_gmt":"2023-03-16T10:46:38","guid":{"rendered":"http:\/\/lesparge.fr\/?page_id=2232"},"modified":"2023-03-17T08:21:45","modified_gmt":"2023-03-17T07:21:45","slug":"2019-2","status":"publish","type":"page","link":"https:\/\/lesparge.fr\/index.php\/2019-2\/","title":{"rendered":"2019"},"content":{"rendered":"\t\t<div data-elementor-type=\"wp-post\" data-elementor-id=\"2232\" class=\"elementor elementor-2232\">\n\t\t\t\t\t\t<section class=\"elementor-section elementor-top-section elementor-element elementor-element-52f4a53 elementor-section-boxed elementor-section-height-default elementor-section-height-default\" data-id=\"52f4a53\" data-element_type=\"section\" data-e-type=\"section\" data-settings=\"{&quot;background_background&quot;:&quot;gradient&quot;}\">\n\t\t\t\t\t\t<div class=\"elementor-container elementor-column-gap-default\">\n\t\t\t\t\t<div class=\"elementor-column elementor-col-100 elementor-top-column elementor-element elementor-element-223ca2b\" data-id=\"223ca2b\" data-element_type=\"column\" data-e-type=\"column\">\n\t\t\t<div class=\"elementor-widget-wrap elementor-element-populated\">\n\t\t\t\t\t\t<div class=\"elementor-element elementor-element-b68abcc elementor-widget elementor-widget-spacer\" data-id=\"b68abcc\" data-element_type=\"widget\" data-e-type=\"widget\" data-widget_type=\"spacer.default\">\n\t\t\t\t<div class=\"elementor-widget-container\">\n\t\t\t\t\t\t\t<div class=\"elementor-spacer\">\n\t\t\t<div class=\"elementor-spacer-inner\"><\/div>\n\t\t<\/div>\n\t\t\t\t\t\t<\/div>\n\t\t\t\t<\/div>\n\t\t\t\t<div class=\"elementor-element elementor-element-be2f199 center-mobile elementor-widget elementor-widget-heading\" data-id=\"be2f199\" data-element_type=\"widget\" data-e-type=\"widget\" data-widget_type=\"heading.default\">\n\t\t\t\t<div class=\"elementor-widget-container\">\n\t\t\t\t\t<h2 class=\"elementor-heading-title elementor-size-default\">Ann\u00e9e 2019<\/h2>\t\t\t\t<\/div>\n\t\t\t\t<\/div>\n\t\t\t\t<div class=\"elementor-element elementor-element-a2a4078 elementor-widget-divider--view-line elementor-widget elementor-widget-divider\" data-id=\"a2a4078\" data-element_type=\"widget\" data-e-type=\"widget\" data-widget_type=\"divider.default\">\n\t\t\t\t<div class=\"elementor-widget-container\">\n\t\t\t\t\t\t\t<div class=\"elementor-divider\">\n\t\t\t<span class=\"elementor-divider-separator\">\n\t\t\t\t\t\t<\/span>\n\t\t<\/div>\n\t\t\t\t\t\t<\/div>\n\t\t\t\t<\/div>\n\t\t\t\t<section class=\"elementor-section elementor-inner-section elementor-element elementor-element-85e8e75 elementor-section-boxed elementor-section-height-default elementor-section-height-default\" data-id=\"85e8e75\" data-element_type=\"section\" data-e-type=\"section\">\n\t\t\t\t\t\t<div class=\"elementor-container elementor-column-gap-default\">\n\t\t\t\t\t<div class=\"elementor-column elementor-col-50 elementor-inner-column elementor-element elementor-element-46e148f\" data-id=\"46e148f\" data-element_type=\"column\" data-e-type=\"column\">\n\t\t\t<div class=\"elementor-widget-wrap elementor-element-populated\">\n\t\t\t\t\t\t<div class=\"elementor-element elementor-element-2541b21 elementor-widget elementor-widget-image\" data-id=\"2541b21\" data-element_type=\"widget\" data-e-type=\"widget\" data-widget_type=\"image.default\">\n\t\t\t\t<div class=\"elementor-widget-container\">\n\t\t\t\t\t\t\t\t\t\t\t\t\t\t\t\t<a href=\"https:\/\/lesparge.fr\/wp-content\/uploads\/2023\/03\/image-67.jpeg\" data-elementor-open-lightbox=\"yes\" data-e-action-hash=\"#elementor-action%3Aaction%3Dlightbox%26settings%3DeyJpZCI6MjIzNSwidXJsIjoiaHR0cHM6XC9cL2xlc3BhcmdlLmZyXC93cC1jb250ZW50XC91cGxvYWRzXC8yMDIzXC8wM1wvaW1hZ2UtNjcuanBlZyJ9\">\n\t\t\t\t\t\t\t<img fetchpriority=\"high\" decoding=\"async\" width=\"500\" height=\"333\" src=\"https:\/\/lesparge.fr\/wp-content\/uploads\/2023\/03\/image-67.jpeg\" class=\"attachment-full size-full wp-image-2235\" alt=\"\" srcset=\"https:\/\/lesparge.fr\/wp-content\/uploads\/2023\/03\/image-67.jpeg 500w, https:\/\/lesparge.fr\/wp-content\/uploads\/2023\/03\/image-67-300x200.jpeg 300w\" sizes=\"(max-width: 500px) 100vw, 500px\" \/>\t\t\t\t\t\t\t\t<\/a>\n\t\t\t\t\t\t\t\t\t\t\t\t\t\t\t<\/div>\n\t\t\t\t<\/div>\n\t\t\t\t\t<\/div>\n\t\t<\/div>\n\t\t\t\t<div class=\"elementor-column elementor-col-50 elementor-inner-column elementor-element elementor-element-3d2f5d7\" data-id=\"3d2f5d7\" data-element_type=\"column\" data-e-type=\"column\">\n\t\t\t<div class=\"elementor-widget-wrap elementor-element-populated\">\n\t\t\t\t\t\t<div class=\"elementor-element elementor-element-cf97bf2 center-mobile elementor-widget elementor-widget-heading\" data-id=\"cf97bf2\" data-element_type=\"widget\" data-e-type=\"widget\" data-widget_type=\"heading.default\">\n\t\t\t\t<div class=\"elementor-widget-container\">\n\t\t\t\t\t<h2 class=\"elementor-heading-title elementor-size-default\">16 d\u00e9cembre<\/h2>\t\t\t\t<\/div>\n\t\t\t\t<\/div>\n\t\t\t\t<div class=\"elementor-element elementor-element-3e2d7b6 elementor-widget elementor-widget-text-editor\" data-id=\"3e2d7b6\" data-element_type=\"widget\" data-e-type=\"widget\" data-widget_type=\"text-editor.default\">\n\t\t\t\t<div class=\"elementor-widget-container\">\n\t\t\t\t\t\t\t\t\t<p>Patricia Pierson, pr\u00e9sidente de l&rsquo;association l&rsquo;Esparge, a re\u00e7u la croix de chevalier de l\u2019ordre national du M\u00e9rite des mains du g\u00e9n\u00e9ral Irastorza.<\/p><p><a href=\"https:\/\/www.estrepublicain.fr\/societe\/2019\/12\/18\/patricia-pierson-chevalier-de-l-ordre-national-du-merite\"><span style=\"text-decoration: underline; color: #333399;\">&gt; Voir l&rsquo;article dans l&rsquo;Est r\u00e9publicain du 18 d\u00e9cembre<\/span><\/a><\/p>\t\t\t\t\t\t\t\t<\/div>\n\t\t\t\t<\/div>\n\t\t\t\t\t<\/div>\n\t\t<\/div>\n\t\t\t\t\t<\/div>\n\t\t<\/section>\n\t\t\t\t<section class=\"elementor-section elementor-inner-section elementor-element elementor-element-11e9285 elementor-section-boxed elementor-section-height-default elementor-section-height-default\" data-id=\"11e9285\" data-element_type=\"section\" data-e-type=\"section\">\n\t\t\t\t\t\t<div class=\"elementor-container elementor-column-gap-default\">\n\t\t\t\t\t<div class=\"elementor-column elementor-col-50 elementor-inner-column elementor-element elementor-element-4a2d909\" data-id=\"4a2d909\" data-element_type=\"column\" data-e-type=\"column\">\n\t\t\t<div class=\"elementor-widget-wrap elementor-element-populated\">\n\t\t\t\t\t\t<div class=\"elementor-element elementor-element-091929f elementor-widget elementor-widget-image\" data-id=\"091929f\" data-element_type=\"widget\" data-e-type=\"widget\" data-widget_type=\"image.default\">\n\t\t\t\t<div class=\"elementor-widget-container\">\n\t\t\t\t\t\t\t\t\t\t\t\t\t\t\t\t<a href=\"https:\/\/lesparge.fr\/wp-content\/uploads\/2023\/03\/espacemg-p.jpg\" data-elementor-open-lightbox=\"yes\" data-elementor-lightbox-title=\"espacemg-p\" data-e-action-hash=\"#elementor-action%3Aaction%3Dlightbox%26settings%3DeyJpZCI6MTcwOSwidXJsIjoiaHR0cHM6XC9cL2xlc3BhcmdlLmZyXC93cC1jb250ZW50XC91cGxvYWRzXC8yMDIzXC8wM1wvZXNwYWNlbWctcC5qcGcifQ%3D%3D\">\n\t\t\t\t\t\t\t<img decoding=\"async\" width=\"500\" height=\"330\" src=\"https:\/\/lesparge.fr\/wp-content\/uploads\/2023\/03\/espacemg-p.jpg\" class=\"attachment-full size-full wp-image-1709\" alt=\"\" srcset=\"https:\/\/lesparge.fr\/wp-content\/uploads\/2023\/03\/espacemg-p.jpg 500w, https:\/\/lesparge.fr\/wp-content\/uploads\/2023\/03\/espacemg-p-300x198.jpg 300w\" sizes=\"(max-width: 500px) 100vw, 500px\" \/>\t\t\t\t\t\t\t\t<\/a>\n\t\t\t\t\t\t\t\t\t\t\t\t\t\t\t<\/div>\n\t\t\t\t<\/div>\n\t\t\t\t\t<\/div>\n\t\t<\/div>\n\t\t\t\t<div class=\"elementor-column elementor-col-50 elementor-inner-column elementor-element elementor-element-3115076\" data-id=\"3115076\" data-element_type=\"column\" data-e-type=\"column\">\n\t\t\t<div class=\"elementor-widget-wrap elementor-element-populated\">\n\t\t\t\t\t\t<div class=\"elementor-element elementor-element-45338a4 center-mobile elementor-widget elementor-widget-heading\" data-id=\"45338a4\" data-element_type=\"widget\" data-e-type=\"widget\" data-widget_type=\"heading.default\">\n\t\t\t\t<div class=\"elementor-widget-container\">\n\t\t\t\t\t<h2 class=\"elementor-heading-title elementor-size-default\">23 NOVEMBRE<\/h2>\t\t\t\t<\/div>\n\t\t\t\t<\/div>\n\t\t\t\t<div class=\"elementor-element elementor-element-414a89b elementor-widget elementor-widget-text-editor\" data-id=\"414a89b\" data-element_type=\"widget\" data-e-type=\"widget\" data-widget_type=\"text-editor.default\">\n\t\t\t\t<div class=\"elementor-widget-container\">\n\t\t\t\t\t\t\t\t\t<p class=\"\"><strong>Inauguration de l&rsquo;espace Maurice Genevoix<\/strong><\/p><div class=\"publications col-12\"><p>Au c\u0153ur du village des \u00c9parges, \u00ab\u00a0<a href=\"https:\/\/lesparge.fr\/index.php\/maurice-genevoix\/#lien\"><span style=\"text-decoration: underline; color: #333399;\">l\u2019Espace Maurice Genevoix<\/span> <\/a>\u00bb est ouvert au public depuis le 23 novembre 2019, date de son inauguration. <br \/>Il se compose d\u2019une salle p\u00e9dagogique, baptis\u00e9e \u00ab\u00a0Salle Le Barboux\u00a0\u00bb, d\u2019un espace paysager et d\u2019un pr\u00e9au abritant une exposition permanente r\u00e9alis\u00e9e par L\u2019Esparge. <br \/>Cette exposition \u00e9voque, en textes et en images d\u2019archives, les destins crois\u00e9s de l\u2019auteur de \u00ab\u00a0Ceux de 14\u00a0\u00bb et des \u00c9parges.<\/p><\/div>\t\t\t\t\t\t\t\t<\/div>\n\t\t\t\t<\/div>\n\t\t\t\t\t<\/div>\n\t\t<\/div>\n\t\t\t\t\t<\/div>\n\t\t<\/section>\n\t\t\t\t<section class=\"elementor-section elementor-inner-section elementor-element elementor-element-c6031af elementor-section-boxed elementor-section-height-default elementor-section-height-default\" data-id=\"c6031af\" data-element_type=\"section\" data-e-type=\"section\">\n\t\t\t\t\t\t<div class=\"elementor-container elementor-column-gap-default\">\n\t\t\t\t\t<div class=\"elementor-column elementor-col-50 elementor-inner-column elementor-element elementor-element-b5dd6a8\" data-id=\"b5dd6a8\" data-element_type=\"column\" data-e-type=\"column\">\n\t\t\t<div class=\"elementor-widget-wrap elementor-element-populated\">\n\t\t\t\t\t\t<div class=\"elementor-element elementor-element-3c0519f elementor-widget elementor-widget-image\" data-id=\"3c0519f\" data-element_type=\"widget\" data-e-type=\"widget\" data-widget_type=\"image.default\">\n\t\t\t\t<div class=\"elementor-widget-container\">\n\t\t\t\t\t\t\t\t\t\t\t\t\t\t\t\t<a href=\"https:\/\/lesparge.fr\/wp-content\/uploads\/2023\/03\/image-68.jpeg\" data-elementor-open-lightbox=\"yes\" data-elementor-lightbox-title=\"image\" data-e-action-hash=\"#elementor-action%3Aaction%3Dlightbox%26settings%3DeyJpZCI6MjIzOSwidXJsIjoiaHR0cHM6XC9cL2xlc3BhcmdlLmZyXC93cC1jb250ZW50XC91cGxvYWRzXC8yMDIzXC8wM1wvaW1hZ2UtNjguanBlZyJ9\">\n\t\t\t\t\t\t\t<img decoding=\"async\" width=\"500\" height=\"330\" src=\"https:\/\/lesparge.fr\/wp-content\/uploads\/2023\/03\/image-68.jpeg\" class=\"attachment-full size-full wp-image-2239\" alt=\"\" srcset=\"https:\/\/lesparge.fr\/wp-content\/uploads\/2023\/03\/image-68.jpeg 500w, https:\/\/lesparge.fr\/wp-content\/uploads\/2023\/03\/image-68-300x198.jpeg 300w\" sizes=\"(max-width: 500px) 100vw, 500px\" \/>\t\t\t\t\t\t\t\t<\/a>\n\t\t\t\t\t\t\t\t\t\t\t\t\t\t\t<\/div>\n\t\t\t\t<\/div>\n\t\t\t\t\t<\/div>\n\t\t<\/div>\n\t\t\t\t<div class=\"elementor-column elementor-col-50 elementor-inner-column elementor-element elementor-element-c67ed13\" data-id=\"c67ed13\" data-element_type=\"column\" data-e-type=\"column\">\n\t\t\t<div class=\"elementor-widget-wrap elementor-element-populated\">\n\t\t\t\t\t\t<div class=\"elementor-element elementor-element-3cf51b7 center-mobile elementor-widget elementor-widget-heading\" data-id=\"3cf51b7\" data-element_type=\"widget\" data-e-type=\"widget\" data-widget_type=\"heading.default\">\n\t\t\t\t<div class=\"elementor-widget-container\">\n\t\t\t\t\t<h2 class=\"elementor-heading-title elementor-size-default\">10 NOVEMBRE<\/h2>\t\t\t\t<\/div>\n\t\t\t\t<\/div>\n\t\t\t\t<div class=\"elementor-element elementor-element-ab3d88e elementor-widget elementor-widget-text-editor\" data-id=\"ab3d88e\" data-element_type=\"widget\" data-e-type=\"widget\" data-widget_type=\"text-editor.default\">\n\t\t\t\t<div class=\"elementor-widget-container\">\n\t\t\t\t\t\t\t\t\t<p><strong>C\u00e9r\u00e9monie de la Flamme<\/strong><\/p><p>Traditionnelle procession aux flambeaux, qui s&rsquo;est d\u00e9roul\u00e9e comme chaque ann\u00e9e de la place Maurice Genevoix \u00e0 la n\u00e9cropole du Trottoir illumin\u00e9e.<\/p>\t\t\t\t\t\t\t\t<\/div>\n\t\t\t\t<\/div>\n\t\t\t\t\t<\/div>\n\t\t<\/div>\n\t\t\t\t\t<\/div>\n\t\t<\/section>\n\t\t\t\t<div class=\"elementor-element elementor-element-74ca419 elementor-widget elementor-widget-spacer\" data-id=\"74ca419\" data-element_type=\"widget\" data-e-type=\"widget\" data-widget_type=\"spacer.default\">\n\t\t\t\t<div class=\"elementor-widget-container\">\n\t\t\t\t\t\t\t<div class=\"elementor-spacer\">\n\t\t\t<div class=\"elementor-spacer-inner\"><\/div>\n\t\t<\/div>\n\t\t\t\t\t\t<\/div>\n\t\t\t\t<\/div>\n\t\t\t\t<section class=\"elementor-section elementor-inner-section elementor-element elementor-element-7604a8e elementor-section-boxed elementor-section-height-default elementor-section-height-default\" data-id=\"7604a8e\" data-element_type=\"section\" data-e-type=\"section\">\n\t\t\t\t\t\t<div class=\"elementor-container elementor-column-gap-default\">\n\t\t\t\t\t<div class=\"elementor-column elementor-col-50 elementor-inner-column elementor-element elementor-element-1937234\" data-id=\"1937234\" data-element_type=\"column\" data-e-type=\"column\">\n\t\t\t<div class=\"elementor-widget-wrap elementor-element-populated\">\n\t\t\t\t\t\t<div class=\"elementor-element elementor-element-8096258 elementor-widget elementor-widget-image\" data-id=\"8096258\" data-element_type=\"widget\" data-e-type=\"widget\" data-widget_type=\"image.default\">\n\t\t\t\t<div class=\"elementor-widget-container\">\n\t\t\t\t\t\t\t\t\t\t\t\t\t\t\t<img loading=\"lazy\" decoding=\"async\" width=\"500\" height=\"330\" src=\"https:\/\/lesparge.fr\/wp-content\/uploads\/2023\/03\/image-70.jpeg\" class=\"attachment-large size-large wp-image-2241\" alt=\"\" srcset=\"https:\/\/lesparge.fr\/wp-content\/uploads\/2023\/03\/image-70.jpeg 500w, https:\/\/lesparge.fr\/wp-content\/uploads\/2023\/03\/image-70-300x198.jpeg 300w\" sizes=\"(max-width: 500px) 100vw, 500px\" \/>\t\t\t\t\t\t\t\t\t\t\t\t\t\t\t<\/div>\n\t\t\t\t<\/div>\n\t\t\t\t\t<\/div>\n\t\t<\/div>\n\t\t\t\t<div class=\"elementor-column elementor-col-50 elementor-inner-column elementor-element elementor-element-ffda42d\" data-id=\"ffda42d\" data-element_type=\"column\" data-e-type=\"column\">\n\t\t\t<div class=\"elementor-widget-wrap elementor-element-populated\">\n\t\t\t\t\t\t<div class=\"elementor-element elementor-element-563a026 center-mobile elementor-widget elementor-widget-heading\" data-id=\"563a026\" data-element_type=\"widget\" data-e-type=\"widget\" data-widget_type=\"heading.default\">\n\t\t\t\t<div class=\"elementor-widget-container\">\n\t\t\t\t\t<h2 class=\"elementor-heading-title elementor-size-default\">29 JUIN<\/h2>\t\t\t\t<\/div>\n\t\t\t\t<\/div>\n\t\t\t\t<div class=\"elementor-element elementor-element-d1f8730 elementor-widget elementor-widget-text-editor\" data-id=\"d1f8730\" data-element_type=\"widget\" data-e-type=\"widget\" data-widget_type=\"text-editor.default\">\n\t\t\t\t<div class=\"elementor-widget-container\">\n\t\t\t\t\t\t\t\t\t<p><strong>Conf\u00e9rence<\/strong> de Xavier Pierson sur \u00ab Le trait\u00e9 de Versailles \u00bb, suivie d\u2019une s\u00e9ance-d\u00e9dicace de son prochain ouvrage \u00ab La Conf\u00e9rence de la Paix \u00bb<\/p>\t\t\t\t\t\t\t\t<\/div>\n\t\t\t\t<\/div>\n\t\t\t\t\t<\/div>\n\t\t<\/div>\n\t\t\t\t\t<\/div>\n\t\t<\/section>\n\t\t\t\t<div class=\"elementor-element elementor-element-a773d3c elementor-widget elementor-widget-spacer\" data-id=\"a773d3c\" data-element_type=\"widget\" data-e-type=\"widget\" data-widget_type=\"spacer.default\">\n\t\t\t\t<div class=\"elementor-widget-container\">\n\t\t\t\t\t\t\t<div class=\"elementor-spacer\">\n\t\t\t<div class=\"elementor-spacer-inner\"><\/div>\n\t\t<\/div>\n\t\t\t\t\t\t<\/div>\n\t\t\t\t<\/div>\n\t\t\t\t<section class=\"elementor-section elementor-inner-section elementor-element elementor-element-6730294 elementor-section-boxed elementor-section-height-default elementor-section-height-default\" data-id=\"6730294\" data-element_type=\"section\" data-e-type=\"section\">\n\t\t\t\t\t\t<div class=\"elementor-container elementor-column-gap-default\">\n\t\t\t\t\t<div class=\"elementor-column elementor-col-50 elementor-inner-column elementor-element elementor-element-a1e1c48\" data-id=\"a1e1c48\" data-element_type=\"column\" data-e-type=\"column\">\n\t\t\t<div class=\"elementor-widget-wrap elementor-element-populated\">\n\t\t\t\t\t\t<div class=\"elementor-element elementor-element-0d17ab2 elementor-widget elementor-widget-image\" data-id=\"0d17ab2\" data-element_type=\"widget\" data-e-type=\"widget\" data-widget_type=\"image.default\">\n\t\t\t\t<div class=\"elementor-widget-container\">\n\t\t\t\t\t\t\t\t\t\t\t\t\t\t\t\t<a href=\"https:\/\/lesparge.fr\/wp-content\/uploads\/2023\/03\/image-71.jpeg\" data-elementor-open-lightbox=\"yes\" data-elementor-lightbox-title=\"image\" data-e-action-hash=\"#elementor-action%3Aaction%3Dlightbox%26settings%3DeyJpZCI6MjI0MiwidXJsIjoiaHR0cHM6XC9cL2xlc3BhcmdlLmZyXC93cC1jb250ZW50XC91cGxvYWRzXC8yMDIzXC8wM1wvaW1hZ2UtNzEuanBlZyJ9\">\n\t\t\t\t\t\t\t<img loading=\"lazy\" decoding=\"async\" width=\"500\" height=\"330\" src=\"https:\/\/lesparge.fr\/wp-content\/uploads\/2023\/03\/image-71.jpeg\" class=\"attachment-full size-full wp-image-2242\" alt=\"\" srcset=\"https:\/\/lesparge.fr\/wp-content\/uploads\/2023\/03\/image-71.jpeg 500w, https:\/\/lesparge.fr\/wp-content\/uploads\/2023\/03\/image-71-300x198.jpeg 300w\" sizes=\"(max-width: 500px) 100vw, 500px\" \/>\t\t\t\t\t\t\t\t<\/a>\n\t\t\t\t\t\t\t\t\t\t\t\t\t\t\t<\/div>\n\t\t\t\t<\/div>\n\t\t\t\t\t<\/div>\n\t\t<\/div>\n\t\t\t\t<div class=\"elementor-column elementor-col-50 elementor-inner-column elementor-element elementor-element-0fb5969\" data-id=\"0fb5969\" data-element_type=\"column\" data-e-type=\"column\">\n\t\t\t<div class=\"elementor-widget-wrap elementor-element-populated\">\n\t\t\t\t\t\t<div class=\"elementor-element elementor-element-44640ff center-mobile elementor-widget elementor-widget-heading\" data-id=\"44640ff\" data-element_type=\"widget\" data-e-type=\"widget\" data-widget_type=\"heading.default\">\n\t\t\t\t<div class=\"elementor-widget-container\">\n\t\t\t\t\t<h2 class=\"elementor-heading-title elementor-size-default\">14, 15 et 16 juin<\/h2>\t\t\t\t<\/div>\n\t\t\t\t<\/div>\n\t\t\t\t<div class=\"elementor-element elementor-element-213e647 elementor-widget elementor-widget-text-editor\" data-id=\"213e647\" data-element_type=\"widget\" data-e-type=\"widget\" data-widget_type=\"text-editor.default\">\n\t\t\t\t<div class=\"elementor-widget-container\">\n\t\t\t\t\t\t\t\t\t<p>L&rsquo;Esparge accueille les sportifs et les visiteurs aux \u00c9parges avec stand !<\/p><p><a href=\"https:\/\/lesparge.fr\/wp-content\/uploads\/2023\/03\/image-72-scaled.jpeg\"><img loading=\"lazy\" decoding=\"async\" class=\"size-medium wp-image-2243 alignleft\" src=\"https:\/\/lesparge.fr\/wp-content\/uploads\/2023\/03\/image-72-300x209.jpeg\" alt=\"\" width=\"300\" height=\"209\" srcset=\"https:\/\/lesparge.fr\/wp-content\/uploads\/2023\/03\/image-72-300x209.jpeg 300w, https:\/\/lesparge.fr\/wp-content\/uploads\/2023\/03\/image-72-1024x713.jpeg 1024w, https:\/\/lesparge.fr\/wp-content\/uploads\/2023\/03\/image-72-768x535.jpeg 768w, https:\/\/lesparge.fr\/wp-content\/uploads\/2023\/03\/image-72-1536x1069.jpeg 1536w, https:\/\/lesparge.fr\/wp-content\/uploads\/2023\/03\/image-72-2048x1425.jpeg 1725w, https:\/\/lesparge.fr\/wp-content\/uploads\/2023\/03\/image-72-scaled.jpeg 1724w\" sizes=\"(max-width: 300px) 100vw, 300px\" \/><\/a><\/p>\t\t\t\t\t\t\t\t<\/div>\n\t\t\t\t<\/div>\n\t\t\t\t\t<\/div>\n\t\t<\/div>\n\t\t\t\t\t<\/div>\n\t\t<\/section>\n\t\t\t\t<div class=\"elementor-element elementor-element-be179ad elementor-widget elementor-widget-spacer\" data-id=\"be179ad\" data-element_type=\"widget\" data-e-type=\"widget\" data-widget_type=\"spacer.default\">\n\t\t\t\t<div class=\"elementor-widget-container\">\n\t\t\t\t\t\t\t<div class=\"elementor-spacer\">\n\t\t\t<div class=\"elementor-spacer-inner\"><\/div>\n\t\t<\/div>\n\t\t\t\t\t\t<\/div>\n\t\t\t\t<\/div>\n\t\t\t\t\t<\/div>\n\t\t<\/div>\n\t\t\t\t\t<\/div>\n\t\t<\/section>\n\t\t\t\t<\/div>\n\t\t","protected":false},"excerpt":{"rendered":"<p>Ann\u00e9e 2019 16 d\u00e9cembre Patricia Pierson, pr\u00e9sidente de l&rsquo;association l&rsquo;Esparge, a re\u00e7u la croix de chevalier de l\u2019ordre national du M\u00e9rite des mains du g\u00e9n\u00e9ral Irastorza. &gt; Voir l&rsquo;article dans l&rsquo;Est r\u00e9publicain du 18 d\u00e9cembre 23 NOVEMBRE Inauguration de l&rsquo;espace Maurice Genevoix Au c\u0153ur du village des \u00c9parges, \u00ab\u00a0l\u2019Espace Maurice Genevoix \u00bb est ouvert au [&hellip;]<\/p>\n","protected":false},"author":1,"featured_media":0,"parent":0,"menu_order":0,"comment_status":"closed","ping_status":"closed","template":"","meta":{"ocean_post_layout":"full-screen","ocean_both_sidebars_style":"","ocean_both_sidebars_content_width":0,"ocean_both_sidebars_sidebars_width":0,"ocean_sidebar":"0","ocean_second_sidebar":"0","ocean_disable_margins":"on","ocean_add_body_class":"","ocean_shortcode_before_top_bar":"","ocean_shortcode_after_top_bar":"","ocean_shortcode_before_header":"","ocean_shortcode_after_header":"","ocean_has_shortcode":"","ocean_shortcode_after_title":"","ocean_shortcode_before_footer_widgets":"","ocean_shortcode_after_footer_widgets":"","ocean_shortcode_before_footer_bottom":"","ocean_shortcode_after_footer_bottom":"","ocean_display_top_bar":"default","ocean_display_header":"default","ocean_header_style":"","ocean_center_header_left_menu":"0","ocean_custom_header_template":"0","ocean_custom_logo":0,"ocean_custom_retina_logo":0,"ocean_custom_logo_max_width":0,"ocean_custom_logo_tablet_max_width":0,"ocean_custom_logo_mobile_max_width":0,"ocean_custom_logo_max_height":0,"ocean_custom_logo_tablet_max_height":0,"ocean_custom_logo_mobile_max_height":0,"ocean_header_custom_menu":"0","ocean_menu_typo_font_family":"0","ocean_menu_typo_font_subset":"","ocean_menu_typo_font_size":0,"ocean_menu_typo_font_size_tablet":0,"ocean_menu_typo_font_size_mobile":0,"ocean_menu_typo_font_size_unit":"px","ocean_menu_typo_font_weight":"","ocean_menu_typo_font_weight_tablet":"","ocean_menu_typo_font_weight_mobile":"","ocean_menu_typo_transform":"","ocean_menu_typo_transform_tablet":"","ocean_menu_typo_transform_mobile":"","ocean_menu_typo_line_height":0,"ocean_menu_typo_line_height_tablet":0,"ocean_menu_typo_line_height_mobile":0,"ocean_menu_typo_line_height_unit":"","ocean_menu_typo_spacing":0,"ocean_menu_typo_spacing_tablet":0,"ocean_menu_typo_spacing_mobile":0,"ocean_menu_typo_spacing_unit":"","ocean_menu_link_color":"","ocean_menu_link_color_hover":"","ocean_menu_link_color_active":"","ocean_menu_link_background":"","ocean_menu_link_hover_background":"","ocean_menu_link_active_background":"","ocean_menu_social_links_bg":"","ocean_menu_social_hover_links_bg":"","ocean_menu_social_links_color":"","ocean_menu_social_hover_links_color":"","ocean_disable_title":"on","ocean_disable_heading":"default","ocean_post_title":"","ocean_post_subheading":"","ocean_post_title_style":"background-image","ocean_post_title_background_color":"","ocean_post_title_background":1351,"ocean_post_title_bg_image_position":"center right","ocean_post_title_bg_image_attachment":"","ocean_post_title_bg_image_repeat":"","ocean_post_title_bg_image_size":"","ocean_post_title_height":0,"ocean_post_title_bg_overlay":0.6,"ocean_post_title_bg_overlay_color":"","ocean_disable_breadcrumbs":"default","ocean_breadcrumbs_color":"","ocean_breadcrumbs_separator_color":"","ocean_breadcrumbs_links_color":"","ocean_breadcrumbs_links_hover_color":"","ocean_display_footer_widgets":"default","ocean_display_footer_bottom":"default","ocean_custom_footer_template":"0","footnotes":""},"class_list":["post-2232","page","type-page","status-publish","hentry","entry"],"_links":{"self":[{"href":"https:\/\/lesparge.fr\/index.php\/wp-json\/wp\/v2\/pages\/2232","targetHints":{"allow":["GET"]}}],"collection":[{"href":"https:\/\/lesparge.fr\/index.php\/wp-json\/wp\/v2\/pages"}],"about":[{"href":"https:\/\/lesparge.fr\/index.php\/wp-json\/wp\/v2\/types\/page"}],"author":[{"embeddable":true,"href":"https:\/\/lesparge.fr\/index.php\/wp-json\/wp\/v2\/users\/1"}],"replies":[{"embeddable":true,"href":"https:\/\/lesparge.fr\/index.php\/wp-json\/wp\/v2\/comments?post=2232"}],"version-history":[{"count":16,"href":"https:\/\/lesparge.fr\/index.php\/wp-json\/wp\/v2\/pages\/2232\/revisions"}],"predecessor-version":[{"id":2271,"href":"https:\/\/lesparge.fr\/index.php\/wp-json\/wp\/v2\/pages\/2232\/revisions\/2271"}],"wp:attachment":[{"href":"https:\/\/lesparge.fr\/index.php\/wp-json\/wp\/v2\/media?parent=2232"}],"curies":[{"name":"wp","href":"https:\/\/api.w.org\/{rel}","templated":true}]}}