{"id":5562,"date":"2026-01-25T07:29:34","date_gmt":"2026-01-25T06:29:34","guid":{"rendered":"https:\/\/lesparge.fr\/?page_id=5562"},"modified":"2026-01-25T07:40:22","modified_gmt":"2026-01-25T06:40:22","slug":"2025-2","status":"publish","type":"page","link":"https:\/\/lesparge.fr\/index.php\/2025-2\/","title":{"rendered":"2025"},"content":{"rendered":"\t\t<div data-elementor-type=\"wp-post\" data-elementor-id=\"5562\" class=\"elementor elementor-5562\">\n\t\t\t\t\t\t<section class=\"elementor-section elementor-top-section elementor-element elementor-element-cf86e47 elementor-section-boxed elementor-section-height-default elementor-section-height-default\" data-id=\"cf86e47\" data-element_type=\"section\" data-e-type=\"section\" data-settings=\"{&quot;background_background&quot;:&quot;gradient&quot;}\">\n\t\t\t\t\t\t<div class=\"elementor-container elementor-column-gap-default\">\n\t\t\t\t\t<div class=\"elementor-column elementor-col-50 elementor-top-column elementor-element elementor-element-b6716d1\" data-id=\"b6716d1\" data-element_type=\"column\" data-e-type=\"column\">\n\t\t\t<div class=\"elementor-widget-wrap elementor-element-populated\">\n\t\t\t\t\t\t<div class=\"elementor-element elementor-element-cad4442 elementor-widget elementor-widget-spacer\" data-id=\"cad4442\" data-element_type=\"widget\" data-e-type=\"widget\" data-widget_type=\"spacer.default\">\n\t\t\t\t<div class=\"elementor-widget-container\">\n\t\t\t\t\t\t\t<div class=\"elementor-spacer\">\n\t\t\t<div class=\"elementor-spacer-inner\"><\/div>\n\t\t<\/div>\n\t\t\t\t\t\t<\/div>\n\t\t\t\t<\/div>\n\t\t\t\t<div class=\"elementor-element elementor-element-f405a9b center-mobile elementor-widget elementor-widget-heading\" data-id=\"f405a9b\" data-element_type=\"widget\" data-e-type=\"widget\" data-widget_type=\"heading.default\">\n\t\t\t\t<div class=\"elementor-widget-container\">\n\t\t\t\t\t<h2 class=\"elementor-heading-title elementor-size-default\">2025<\/h2>\t\t\t\t<\/div>\n\t\t\t\t<\/div>\n\t\t\t\t\t<\/div>\n\t\t<\/div>\n\t\t\t\t<div class=\"elementor-column elementor-col-50 elementor-top-column elementor-element elementor-element-ce17ca5\" data-id=\"ce17ca5\" data-element_type=\"column\" data-e-type=\"column\">\n\t\t\t<div class=\"elementor-widget-wrap elementor-element-populated\">\n\t\t\t\t\t\t<div class=\"elementor-element elementor-element-c746e1d elementor-widget elementor-widget-spacer\" data-id=\"c746e1d\" data-element_type=\"widget\" data-e-type=\"widget\" data-widget_type=\"spacer.default\">\n\t\t\t\t<div class=\"elementor-widget-container\">\n\t\t\t\t\t\t\t<div class=\"elementor-spacer\">\n\t\t\t<div class=\"elementor-spacer-inner\"><\/div>\n\t\t<\/div>\n\t\t\t\t\t\t<\/div>\n\t\t\t\t<\/div>\n\t\t\t\t<div class=\"elementor-element elementor-element-3684e21 center-mobile elementor-widget elementor-widget-heading\" data-id=\"3684e21\" data-element_type=\"widget\" data-e-type=\"widget\" data-widget_type=\"heading.default\">\n\t\t\t\t<div class=\"elementor-widget-container\">\n\t\t\t\t\t<h2 class=\"elementor-heading-title elementor-size-default\">F\u00e9vrier<\/h2>\t\t\t\t<\/div>\n\t\t\t\t<\/div>\n\t\t\t\t<div class=\"elementor-element elementor-element-348b243 elementor-widget-divider--view-line elementor-widget elementor-widget-divider\" data-id=\"348b243\" data-element_type=\"widget\" data-e-type=\"widget\" data-widget_type=\"divider.default\">\n\t\t\t\t<div class=\"elementor-widget-container\">\n\t\t\t\t\t\t\t<div class=\"elementor-divider\">\n\t\t\t<span class=\"elementor-divider-separator\">\n\t\t\t\t\t\t<\/span>\n\t\t<\/div>\n\t\t\t\t\t\t<\/div>\n\t\t\t\t<\/div>\n\t\t\t\t<div class=\"elementor-element elementor-element-99ba332 elementor-widget elementor-widget-text-editor\" data-id=\"99ba332\" data-element_type=\"widget\" data-e-type=\"widget\" data-widget_type=\"text-editor.default\">\n\t\t\t\t<div class=\"elementor-widget-container\">\n\t\t\t\t\t\t\t\t\t<p>\u00a0<\/p><p style=\"padding-left: 40px;\"><b>13.02 <\/b>: r\u00e9-ouverture de la Maison du site des \u00c9parges (horaires habituels 14h-17h)<\/p>\t\t\t\t\t\t\t\t<\/div>\n\t\t\t\t<\/div>\n\t\t\t\t<div class=\"elementor-element elementor-element-99db7ea center-mobile elementor-widget elementor-widget-heading\" data-id=\"99db7ea\" data-element_type=\"widget\" data-e-type=\"widget\" data-widget_type=\"heading.default\">\n\t\t\t\t<div class=\"elementor-widget-container\">\n\t\t\t\t\t<h2 class=\"elementor-heading-title elementor-size-default\">Mars<\/h2>\t\t\t\t<\/div>\n\t\t\t\t<\/div>\n\t\t\t\t<div class=\"elementor-element elementor-element-5013764 elementor-widget-divider--view-line elementor-widget elementor-widget-divider\" data-id=\"5013764\" data-element_type=\"widget\" data-e-type=\"widget\" data-widget_type=\"divider.default\">\n\t\t\t\t<div class=\"elementor-widget-container\">\n\t\t\t\t\t\t\t<div class=\"elementor-divider\">\n\t\t\t<span class=\"elementor-divider-separator\">\n\t\t\t\t\t\t<\/span>\n\t\t<\/div>\n\t\t\t\t\t\t<\/div>\n\t\t\t\t<\/div>\n\t\t\t\t<div class=\"elementor-element elementor-element-e560419 elementor-widget elementor-widget-text-editor\" data-id=\"e560419\" data-element_type=\"widget\" data-e-type=\"widget\" data-widget_type=\"text-editor.default\">\n\t\t\t\t<div class=\"elementor-widget-container\">\n\t\t\t\t\t\t\t\t\t<p style=\"padding-left: 40px;\">\u00a0<b>Samedi 15 : <\/b>circuit historique avec Nicolas Czubak &#8211; RDV \u00e0 14h place Maurice Genevoix &#8211; prix : 5\u20ac\/pers. (gratuit pour les moins de 12 ans) &#8211; s\u2019inscrire aupr\u00e8s de Claudine au 09.63.67.14.92<\/p><p style=\"padding-left: 40px;\"><b>Samedi 29 : <\/b>sortie Donzelli (visite guid\u00e9e avec Patricia) &#8211; circuit de 8 \u00e9glises de la Wo\u00ebvre &#8211; prix : 10\u20ac\/pers.- 5\u20ac pour les adh\u00e9rents. D\u00e9part 9h place Maurice Genevoix (covoiturage) &#8211; repas tir\u00e9 du sac\u2013 retour vers 18h.<\/p>\t\t\t\t\t\t\t\t<\/div>\n\t\t\t\t<\/div>\n\t\t\t\t<div class=\"elementor-element elementor-element-8afc4f1 center-mobile elementor-widget elementor-widget-heading\" data-id=\"8afc4f1\" data-element_type=\"widget\" data-e-type=\"widget\" data-widget_type=\"heading.default\">\n\t\t\t\t<div class=\"elementor-widget-container\">\n\t\t\t\t\t<h2 class=\"elementor-heading-title elementor-size-default\">Avril<\/h2>\t\t\t\t<\/div>\n\t\t\t\t<\/div>\n\t\t\t\t<div class=\"elementor-element elementor-element-3dbf876 elementor-widget-divider--view-line elementor-widget elementor-widget-divider\" data-id=\"3dbf876\" data-element_type=\"widget\" data-e-type=\"widget\" data-widget_type=\"divider.default\">\n\t\t\t\t<div class=\"elementor-widget-container\">\n\t\t\t\t\t\t\t<div class=\"elementor-divider\">\n\t\t\t<span class=\"elementor-divider-separator\">\n\t\t\t\t\t\t<\/span>\n\t\t<\/div>\n\t\t\t\t\t\t<\/div>\n\t\t\t\t<\/div>\n\t\t\t\t<div class=\"elementor-element elementor-element-b721730 elementor-widget elementor-widget-text-editor\" data-id=\"b721730\" data-element_type=\"widget\" data-e-type=\"widget\" data-widget_type=\"text-editor.default\">\n\t\t\t\t<div class=\"elementor-widget-container\">\n\t\t\t\t\t\t\t\t\t<p>\u00a0<\/p><p style=\"padding-left: 40px;\"><b>Mardi 01 : <\/b>marche-m\u00e9moire avec Bernard. 12km &#8211; \u00ab\u00a0Dans les pas de Georges Henri Aubert et la croix Claude Sauce\u00a0\u00bb.<span class=\"Apple-converted-space\">\u00a0 <\/span>D\u00e9part des \u00c9parges \u00e0 14h vers le Bois Haut et Mouilly.<\/p><p style=\"padding-left: 40px;\"><b>Mardi 08 :<\/b> sortie \u00ab\u00a0Le vent des for\u00eats\u00a0\u00bb avec Daniel Lahaye &#8211;<span class=\"Apple-converted-space\">\u00a0 <\/span>marche de 13 km &#8211; r\u00e9serv\u00e9e aux adh\u00e9rents &#8211; d\u00e9part 9h place Maurice Genevoix (covoiturage) &#8211; repas tir\u00e9 du sac &#8211; retour vers 17h.<\/p><p style=\"padding-left: 40px;\"><b>Lundi 21<\/b> : \u00c0 11h c\u00e9r\u00e9monie du Lundi de P\u00e2ques \u00e0 la n\u00e9cropole du Trottoir (organis\u00e9e par le Souvenir Fran\u00e7ais<\/p>\t\t\t\t\t\t\t\t<\/div>\n\t\t\t\t<\/div>\n\t\t\t\t<div class=\"elementor-element elementor-element-3b19213 center-mobile elementor-widget elementor-widget-heading\" data-id=\"3b19213\" data-element_type=\"widget\" data-e-type=\"widget\" data-widget_type=\"heading.default\">\n\t\t\t\t<div class=\"elementor-widget-container\">\n\t\t\t\t\t<h2 class=\"elementor-heading-title elementor-size-default\">Mai<\/h2>\t\t\t\t<\/div>\n\t\t\t\t<\/div>\n\t\t\t\t<div class=\"elementor-element elementor-element-5673a9b elementor-widget-divider--view-line elementor-widget elementor-widget-divider\" data-id=\"5673a9b\" data-element_type=\"widget\" data-e-type=\"widget\" data-widget_type=\"divider.default\">\n\t\t\t\t<div class=\"elementor-widget-container\">\n\t\t\t\t\t\t\t<div class=\"elementor-divider\">\n\t\t\t<span class=\"elementor-divider-separator\">\n\t\t\t\t\t\t<\/span>\n\t\t<\/div>\n\t\t\t\t\t\t<\/div>\n\t\t\t\t<\/div>\n\t\t\t\t<div class=\"elementor-element elementor-element-8c9930f elementor-widget elementor-widget-text-editor\" data-id=\"8c9930f\" data-element_type=\"widget\" data-e-type=\"widget\" data-widget_type=\"text-editor.default\">\n\t\t\t\t<div class=\"elementor-widget-container\">\n\t\t\t\t\t\t\t\t\t<p style=\"padding-left: 40px;\"><b>Mardi 06 : <\/b>marche-m\u00e9moire avec Bernard. 12km &#8211; \u00ab\u00a0Abbaye de l\u2019\u00c9tanche, fontaine G\u00e9rardin et Croix Coliche\u00a0\u00bb. D\u00e9part \u00e0 14h \u00e0 Denoux-aux-Bois.<\/p>\t\t\t\t\t\t\t\t<\/div>\n\t\t\t\t<\/div>\n\t\t\t\t<div class=\"elementor-element elementor-element-b00add4 center-mobile elementor-widget elementor-widget-heading\" data-id=\"b00add4\" data-element_type=\"widget\" data-e-type=\"widget\" data-widget_type=\"heading.default\">\n\t\t\t\t<div class=\"elementor-widget-container\">\n\t\t\t\t\t<h2 class=\"elementor-heading-title elementor-size-default\">JUIN<\/h2>\t\t\t\t<\/div>\n\t\t\t\t<\/div>\n\t\t\t\t<div class=\"elementor-element elementor-element-4fced93 elementor-widget-divider--view-line elementor-widget elementor-widget-divider\" data-id=\"4fced93\" data-element_type=\"widget\" data-e-type=\"widget\" data-widget_type=\"divider.default\">\n\t\t\t\t<div class=\"elementor-widget-container\">\n\t\t\t\t\t\t\t<div class=\"elementor-divider\">\n\t\t\t<span class=\"elementor-divider-separator\">\n\t\t\t\t\t\t<\/span>\n\t\t<\/div>\n\t\t\t\t\t\t<\/div>\n\t\t\t\t<\/div>\n\t\t\t\t<div class=\"elementor-element elementor-element-84fd79f elementor-widget elementor-widget-text-editor\" data-id=\"84fd79f\" data-element_type=\"widget\" data-e-type=\"widget\" data-widget_type=\"text-editor.default\">\n\t\t\t\t<div class=\"elementor-widget-container\">\n\t\t\t\t\t\t\t\t\t<p style=\"padding-left: 40px;\"><b>Samedi 07 : <\/b>circuit historique avec Nicolas Czubak &#8211; RDV \u00e0 14h place Maurice Genevoix &#8211; prix : 5\u20ac\/pers. (gratuit pour les moins de 12 ans) &#8211; s\u2019inscrire aupr\u00e8s de Claudine au 09.63.67.14.92<\/p><p style=\"padding-left: 40px;\"><b>Lundi 09 : <\/b>Lundi de Pentec\u00f4te &#8211; centenaire du Monument du Point X &#8211; Messe \u00e0 10h00 c\u00e9l\u00e9br\u00e9e par M. l\u2019abb\u00e9 Rousseau suivie du lancement du bouquet de fleurs dans l\u2019entonnoir &#8211; avec la participation de Blandine Baudrillart &#8211; \u00e0 l\u2019issue, vin d\u2019honneur aux \u00c9parges avec projection d\u2019un diaporama et vente d\u2019un nouvel hors-s\u00e9rie \u00ab <i>L\u2019impossible oubli\u00a0<\/i>\u00bb.<\/p><p style=\"padding-left: 40px;\"><b>Vendredi 13 : <\/b>\u00e0 18h30 \u00e0 la salle Le Barboux, conf\u00e9rence de<span class=\"Apple-converted-space\">\u00a0 <\/span>Julien Duv\u00e9r\u00e9 \u00ab\u00a0<i>La ligne Maginot<\/i>\u00a0\u00bb &#8211; entr\u00e9e 5\u20ac\/pers.<\/p><p style=\"padding-left: 40px;\"><b>Mardi 17 : <\/b>marche-m\u00e9moire avec Bernard. 12km -\u00ab Hattonchatel et le cimeti\u00e8re allemand de Vieville-sous-les-C\u00f4tes \u00bb. D\u00e9part de Billy-sous-les-C\u00f4tes \u00e0 9 h. Le d\u00e9but du parcours se fera dans les mirabelliers pour revenir vers Hattonchatel.<\/p><p style=\"padding-left: 40px;\"><b>Samedi 28 : <\/b>le barbecue de L\u2019Esparge &#8211; RDV \u00e0 midi &#8211; s\u2019inscrire aupr\u00e8s de Claudine. D\u00e9tails \u00e0 pr\u00e9ciser.<\/p>\t\t\t\t\t\t\t\t<\/div>\n\t\t\t\t<\/div>\n\t\t\t\t<div class=\"elementor-element elementor-element-169720e center-mobile elementor-widget elementor-widget-heading\" data-id=\"169720e\" data-element_type=\"widget\" data-e-type=\"widget\" data-widget_type=\"heading.default\">\n\t\t\t\t<div class=\"elementor-widget-container\">\n\t\t\t\t\t<h2 class=\"elementor-heading-title elementor-size-default\">octobre<\/h2>\t\t\t\t<\/div>\n\t\t\t\t<\/div>\n\t\t\t\t<div class=\"elementor-element elementor-element-eecf2ba elementor-widget-divider--view-line elementor-widget elementor-widget-divider\" data-id=\"eecf2ba\" data-element_type=\"widget\" data-e-type=\"widget\" data-widget_type=\"divider.default\">\n\t\t\t\t<div class=\"elementor-widget-container\">\n\t\t\t\t\t\t\t<div class=\"elementor-divider\">\n\t\t\t<span class=\"elementor-divider-separator\">\n\t\t\t\t\t\t<\/span>\n\t\t<\/div>\n\t\t\t\t\t\t<\/div>\n\t\t\t\t<\/div>\n\t\t\t\t<div class=\"elementor-element elementor-element-7f8c5c9 elementor-widget elementor-widget-text-editor\" data-id=\"7f8c5c9\" data-element_type=\"widget\" data-e-type=\"widget\" data-widget_type=\"text-editor.default\">\n\t\t\t\t<div class=\"elementor-widget-container\">\n\t\t\t\t\t\t\t\t\t<p style=\"padding-left: 40px;\"><b>Dimanche 5 :<\/b> A l&rsquo;occasion du March\u00e9 d&rsquo;automne d&rsquo;Hannonville-sous-les-C\u00f4tes une visite de l&rsquo;\u00e9glise d\u00e9cor\u00e9e par Duilio Donzelli sera assur\u00e9e par Patricia &#8211; RDV \u00e0 14 h 30 devant l&rsquo;\u00e9glise.<\/p>\t\t\t\t\t\t\t\t<\/div>\n\t\t\t\t<\/div>\n\t\t\t\t<div class=\"elementor-element elementor-element-fb850fd center-mobile elementor-widget elementor-widget-heading\" data-id=\"fb850fd\" data-element_type=\"widget\" data-e-type=\"widget\" data-widget_type=\"heading.default\">\n\t\t\t\t<div class=\"elementor-widget-container\">\n\t\t\t\t\t<h2 class=\"elementor-heading-title elementor-size-default\">novembre<\/h2>\t\t\t\t<\/div>\n\t\t\t\t<\/div>\n\t\t\t\t<div class=\"elementor-element elementor-element-81fa8f0 elementor-widget-divider--view-line elementor-widget elementor-widget-divider\" data-id=\"81fa8f0\" data-element_type=\"widget\" data-e-type=\"widget\" data-widget_type=\"divider.default\">\n\t\t\t\t<div class=\"elementor-widget-container\">\n\t\t\t\t\t\t\t<div class=\"elementor-divider\">\n\t\t\t<span class=\"elementor-divider-separator\">\n\t\t\t\t\t\t<\/span>\n\t\t<\/div>\n\t\t\t\t\t\t<\/div>\n\t\t\t\t<\/div>\n\t\t\t\t<div class=\"elementor-element elementor-element-fd0e494 elementor-widget elementor-widget-text-editor\" data-id=\"fd0e494\" data-element_type=\"widget\" data-e-type=\"widget\" data-widget_type=\"text-editor.default\">\n\t\t\t\t<div class=\"elementor-widget-container\">\n\t\t\t\t\t\t\t\t\t<p style=\"padding-left: 40px;\"><b>Lundi 10 :<\/b><\/p><p style=\"padding-left: 80px;\">&#8211; <strong>Marche-m\u00e9moire.<\/strong> D\u00e9part de Dommartin la Montagne \u00e0 8 h \/8 h 15 &#8211; Pause repas tir\u00e9 du sac vers 12 h \u00e0 Deuxnoux -aux-Bois &#8211; arriv\u00e9e \u00e0 Dommartin vers 16 h 30.<\/p><p style=\"padding-left: 80px;\"><strong>&#8211; Procession aux Flambeaux<\/strong>. RDV 19 h 30 devant la mairie des \u00c9parges. Procession jusqu&rsquo;\u00e0 la n\u00e9cropole du Trottoir puis retour au village pour partager un vin chaud.<\/p><p style=\"padding-left: 40px;\"><strong>Samedi 15 :<\/strong><\/p><p style=\"padding-left: 80px;\"><strong>Circuit historique<\/strong> avec Nicolas Czubak &#8211; RDV \u00e0 14 h place M. Genevoix aux \u00c9parges. Prix : 5 euros\/pers. S&rsquo;inscrire aupr\u00e8s de Claudine \u00a0au 09.63.67.14.92<\/p><p style=\"padding-left: 40px;\">\u00a0<\/p>\t\t\t\t\t\t\t\t<\/div>\n\t\t\t\t<\/div>\n\t\t\t\t<div class=\"elementor-element elementor-element-197af06 elementor-widget elementor-widget-spacer\" data-id=\"197af06\" data-element_type=\"widget\" data-e-type=\"widget\" data-widget_type=\"spacer.default\">\n\t\t\t\t<div class=\"elementor-widget-container\">\n\t\t\t\t\t\t\t<div class=\"elementor-spacer\">\n\t\t\t<div class=\"elementor-spacer-inner\"><\/div>\n\t\t<\/div>\n\t\t\t\t\t\t<\/div>\n\t\t\t\t<\/div>\n\t\t\t\t\t<\/div>\n\t\t<\/div>\n\t\t\t\t\t<\/div>\n\t\t<\/section>\n\t\t\t\t<\/div>\n\t\t","protected":false},"excerpt":{"rendered":"<p>2025 F\u00e9vrier \u00a0 13.02 : r\u00e9-ouverture de la Maison du site des \u00c9parges (horaires habituels 14h-17h) Mars \u00a0Samedi 15 : circuit historique avec Nicolas Czubak &#8211; RDV \u00e0 14h place Maurice Genevoix &#8211; prix : 5\u20ac\/pers. (gratuit pour les moins de 12 ans) &#8211; s\u2019inscrire aupr\u00e8s de Claudine au 09.63.67.14.92 Samedi 29 : sortie Donzelli [&hellip;]<\/p>\n","protected":false},"author":1,"featured_media":0,"parent":0,"menu_order":0,"comment_status":"closed","ping_status":"closed","template":"","meta":{"ocean_post_layout":"full-screen","ocean_both_sidebars_style":"","ocean_both_sidebars_content_width":0,"ocean_both_sidebars_sidebars_width":0,"ocean_sidebar":"0","ocean_second_sidebar":"0","ocean_disable_margins":"on","ocean_add_body_class":"","ocean_shortcode_before_top_bar":"","ocean_shortcode_after_top_bar":"","ocean_shortcode_before_header":"","ocean_shortcode_after_header":"","ocean_has_shortcode":"","ocean_shortcode_after_title":"","ocean_shortcode_before_footer_widgets":"","ocean_shortcode_after_footer_widgets":"","ocean_shortcode_before_footer_bottom":"","ocean_shortcode_after_footer_bottom":"","ocean_display_top_bar":"default","ocean_display_header":"default","ocean_header_style":"","ocean_center_header_left_menu":"0","ocean_custom_header_template":"0","ocean_custom_logo":0,"ocean_custom_retina_logo":0,"ocean_custom_logo_max_width":0,"ocean_custom_logo_tablet_max_width":0,"ocean_custom_logo_mobile_max_width":0,"ocean_custom_logo_max_height":0,"ocean_custom_logo_tablet_max_height":0,"ocean_custom_logo_mobile_max_height":0,"ocean_header_custom_menu":"0","ocean_menu_typo_font_family":"0","ocean_menu_typo_font_subset":"","ocean_menu_typo_font_size":0,"ocean_menu_typo_font_size_tablet":0,"ocean_menu_typo_font_size_mobile":0,"ocean_menu_typo_font_size_unit":"px","ocean_menu_typo_font_weight":"","ocean_menu_typo_font_weight_tablet":"","ocean_menu_typo_font_weight_mobile":"","ocean_menu_typo_transform":"","ocean_menu_typo_transform_tablet":"","ocean_menu_typo_transform_mobile":"","ocean_menu_typo_line_height":0,"ocean_menu_typo_line_height_tablet":0,"ocean_menu_typo_line_height_mobile":0,"ocean_menu_typo_line_height_unit":"","ocean_menu_typo_spacing":0,"ocean_menu_typo_spacing_tablet":0,"ocean_menu_typo_spacing_mobile":0,"ocean_menu_typo_spacing_unit":"","ocean_menu_link_color":"","ocean_menu_link_color_hover":"","ocean_menu_link_color_active":"","ocean_menu_link_background":"","ocean_menu_link_hover_background":"","ocean_menu_link_active_background":"","ocean_menu_social_links_bg":"","ocean_menu_social_hover_links_bg":"","ocean_menu_social_links_color":"","ocean_menu_social_hover_links_color":"","ocean_disable_title":"default","ocean_disable_heading":"default","ocean_post_title":"","ocean_post_subheading":"","ocean_post_title_style":"background-image","ocean_post_title_background_color":"","ocean_post_title_background":743,"ocean_post_title_bg_image_position":"center center","ocean_post_title_bg_image_attachment":"","ocean_post_title_bg_image_repeat":"","ocean_post_title_bg_image_size":"","ocean_post_title_height":0,"ocean_post_title_bg_overlay":0.5,"ocean_post_title_bg_overlay_color":"","ocean_disable_breadcrumbs":"default","ocean_breadcrumbs_color":"","ocean_breadcrumbs_separator_color":"","ocean_breadcrumbs_links_color":"","ocean_breadcrumbs_links_hover_color":"","ocean_display_footer_widgets":"default","ocean_display_footer_bottom":"default","ocean_custom_footer_template":"0","footnotes":""},"class_list":["post-5562","page","type-page","status-publish","hentry","entry"],"_links":{"self":[{"href":"https:\/\/lesparge.fr\/index.php\/wp-json\/wp\/v2\/pages\/5562","targetHints":{"allow":["GET"]}}],"collection":[{"href":"https:\/\/lesparge.fr\/index.php\/wp-json\/wp\/v2\/pages"}],"about":[{"href":"https:\/\/lesparge.fr\/index.php\/wp-json\/wp\/v2\/types\/page"}],"author":[{"embeddable":true,"href":"https:\/\/lesparge.fr\/index.php\/wp-json\/wp\/v2\/users\/1"}],"replies":[{"embeddable":true,"href":"https:\/\/lesparge.fr\/index.php\/wp-json\/wp\/v2\/comments?post=5562"}],"version-history":[{"count":4,"href":"https:\/\/lesparge.fr\/index.php\/wp-json\/wp\/v2\/pages\/5562\/revisions"}],"predecessor-version":[{"id":5579,"href":"https:\/\/lesparge.fr\/index.php\/wp-json\/wp\/v2\/pages\/5562\/revisions\/5579"}],"wp:attachment":[{"href":"https:\/\/lesparge.fr\/index.php\/wp-json\/wp\/v2\/media?parent=5562"}],"curies":[{"name":"wp","href":"https:\/\/api.w.org\/{rel}","templated":true}]}}