{"id":68,"date":"2016-05-05T21:08:49","date_gmt":"2016-05-05T21:08:49","guid":{"rendered":"https:\/\/oceanwp.org\/sport\/?page_id=68"},"modified":"2024-09-25T08:02:52","modified_gmt":"2024-09-25T06:02:52","slug":"contact-us","status":"publish","type":"page","link":"https:\/\/lesparge.fr\/index.php\/contact-us\/","title":{"rendered":"Informations"},"content":{"rendered":"\t\t<div data-elementor-type=\"wp-post\" data-elementor-id=\"68\" class=\"elementor elementor-68\">\n\t\t\t\t\t\t<section class=\"elementor-section elementor-top-section elementor-element elementor-element-008t7ul elementor-section-boxed elementor-section-height-default elementor-section-height-default\" data-id=\"008t7ul\" data-element_type=\"section\" data-e-type=\"section\">\n\t\t\t\t\t\t<div class=\"elementor-container elementor-column-gap-default\">\n\t\t\t\t\t<div class=\"elementor-column elementor-col-50 elementor-top-column elementor-element elementor-element-35f3250\" data-id=\"35f3250\" data-element_type=\"column\" data-e-type=\"column\">\n\t\t\t<div class=\"elementor-widget-wrap elementor-element-populated\">\n\t\t\t\t\t\t<div class=\"elementor-element elementor-element-9e382fd elementor-widget elementor-widget-image\" data-id=\"9e382fd\" data-element_type=\"widget\" data-e-type=\"widget\" data-widget_type=\"image.default\">\n\t\t\t\t<div class=\"elementor-widget-container\">\n\t\t\t\t\t\t\t\t\t\t\t\t\t\t\t<img fetchpriority=\"high\" decoding=\"async\" width=\"768\" height=\"1107\" src=\"https:\/\/lesparge.fr\/wp-content\/uploads\/2023\/03\/maison-site-768x1107.jpg\" class=\"attachment-medium_large size-medium_large wp-image-1668\" alt=\"\" srcset=\"https:\/\/lesparge.fr\/wp-content\/uploads\/2023\/03\/maison-site-768x1107.jpg 768w, https:\/\/lesparge.fr\/wp-content\/uploads\/2023\/03\/maison-site-208x300.jpg 208w, https:\/\/lesparge.fr\/wp-content\/uploads\/2023\/03\/maison-site-710x1024.jpg 710w, https:\/\/lesparge.fr\/wp-content\/uploads\/2023\/03\/maison-site-1065x1536.jpg 1065w, https:\/\/lesparge.fr\/wp-content\/uploads\/2023\/03\/maison-site.jpg 1200w\" sizes=\"(max-width: 768px) 100vw, 768px\" \/>\t\t\t\t\t\t\t\t\t\t\t\t\t\t\t<\/div>\n\t\t\t\t<\/div>\n\t\t\t\t\t<\/div>\n\t\t<\/div>\n\t\t\t\t<div class=\"elementor-column elementor-col-50 elementor-top-column elementor-element elementor-element-d0o1myu\" data-id=\"d0o1myu\" data-element_type=\"column\" data-e-type=\"column\">\n\t\t\t<div class=\"elementor-widget-wrap elementor-element-populated\">\n\t\t\t\t\t\t<div class=\"elementor-element elementor-element-p6ndti2 center-mobile elementor-widget elementor-widget-heading\" data-id=\"p6ndti2\" data-element_type=\"widget\" data-e-type=\"widget\" data-widget_type=\"heading.default\">\n\t\t\t\t<div class=\"elementor-widget-container\">\n\t\t\t\t\t<h2 class=\"elementor-heading-title elementor-size-default\">Accueil du public<\/h2>\t\t\t\t<\/div>\n\t\t\t\t<\/div>\n\t\t\t\t<div class=\"elementor-element elementor-element-ee087b9 elementor-widget-divider--view-line elementor-widget elementor-widget-divider\" data-id=\"ee087b9\" data-element_type=\"widget\" data-e-type=\"widget\" data-widget_type=\"divider.default\">\n\t\t\t\t<div class=\"elementor-widget-container\">\n\t\t\t\t\t\t\t<div class=\"elementor-divider\">\n\t\t\t<span class=\"elementor-divider-separator\">\n\t\t\t\t\t\t<\/span>\n\t\t<\/div>\n\t\t\t\t\t\t<\/div>\n\t\t\t\t<\/div>\n\t\t\t\t<div class=\"elementor-element elementor-element-v720hwe elementor-widget elementor-widget-text-editor\" data-id=\"v720hwe\" data-element_type=\"widget\" data-e-type=\"widget\" data-widget_type=\"text-editor.default\">\n\t\t\t\t<div class=\"elementor-widget-container\">\n\t\t\t\t\t\t\t\t\t<p><span style=\"color: #333300;\">Maison du Site des \u00c9parges <\/span><br \/><span style=\"color: #333300;\">2bis, Place Maurice Genevoix<\/span><br \/><span style=\"color: #333300;\">55160 Les \u00c9parges <\/span><\/p><p><strong><span style=\"color: #333300;\">Ouverture : Les jeudis de 14 h \u00e0 17 h 30<\/span><\/strong><\/p><p><span style=\"color: #333300;\">T\u00e9l.: +33 3 29 85 41 35<\/span><\/p>\t\t\t\t\t\t\t\t<\/div>\n\t\t\t\t<\/div>\n\t\t\t\t\t<\/div>\n\t\t<\/div>\n\t\t\t\t\t<\/div>\n\t\t<\/section>\n\t\t\t\t<section class=\"elementor-section elementor-top-section elementor-element elementor-element-5483f94 elementor-section-boxed elementor-section-height-default elementor-section-height-default\" data-id=\"5483f94\" data-element_type=\"section\" data-e-type=\"section\">\n\t\t\t\t\t\t<div class=\"elementor-container elementor-column-gap-default\">\n\t\t\t\t\t<div class=\"elementor-column elementor-col-100 elementor-top-column elementor-element elementor-element-c493d63\" data-id=\"c493d63\" data-element_type=\"column\" data-e-type=\"column\">\n\t\t\t<div class=\"elementor-widget-wrap elementor-element-populated\">\n\t\t\t\t\t\t<div class=\"elementor-element elementor-element-3a3ac69 elementor-widget-divider--view-line elementor-widget elementor-widget-divider\" data-id=\"3a3ac69\" data-element_type=\"widget\" data-e-type=\"widget\" data-widget_type=\"divider.default\">\n\t\t\t\t<div class=\"elementor-widget-container\">\n\t\t\t\t\t\t\t<div class=\"elementor-divider\">\n\t\t\t<span class=\"elementor-divider-separator\">\n\t\t\t\t\t\t<\/span>\n\t\t<\/div>\n\t\t\t\t\t\t<\/div>\n\t\t\t\t<\/div>\n\t\t\t\t\t<\/div>\n\t\t<\/div>\n\t\t\t\t\t<\/div>\n\t\t<\/section>\n\t\t\t\t<section class=\"elementor-section elementor-top-section elementor-element elementor-element-7541c24 elementor-section-boxed elementor-section-height-default elementor-section-height-default\" data-id=\"7541c24\" data-element_type=\"section\" data-e-type=\"section\">\n\t\t\t\t\t\t<div class=\"elementor-container elementor-column-gap-default\">\n\t\t\t\t\t<div class=\"elementor-column elementor-col-50 elementor-top-column elementor-element elementor-element-op7g7wp\" data-id=\"op7g7wp\" data-element_type=\"column\" data-e-type=\"column\">\n\t\t\t<div class=\"elementor-widget-wrap elementor-element-populated\">\n\t\t\t\t\t\t<div class=\"elementor-element elementor-element-3hduy1x center-mobile elementor-widget elementor-widget-heading\" data-id=\"3hduy1x\" data-element_type=\"widget\" data-e-type=\"widget\" data-widget_type=\"heading.default\">\n\t\t\t\t<div class=\"elementor-widget-container\">\n\t\t\t\t\t<h2 class=\"elementor-heading-title elementor-size-default\">Adresse postale<\/h2>\t\t\t\t<\/div>\n\t\t\t\t<\/div>\n\t\t\t\t<div class=\"elementor-element elementor-element-03c0365 elementor-widget-divider--view-line elementor-widget elementor-widget-divider\" data-id=\"03c0365\" data-element_type=\"widget\" data-e-type=\"widget\" data-widget_type=\"divider.default\">\n\t\t\t\t<div class=\"elementor-widget-container\">\n\t\t\t\t\t\t\t<div class=\"elementor-divider\">\n\t\t\t<span class=\"elementor-divider-separator\">\n\t\t\t\t\t\t<\/span>\n\t\t<\/div>\n\t\t\t\t\t\t<\/div>\n\t\t\t\t<\/div>\n\t\t\t\t<div class=\"elementor-element elementor-element-zfp558x elementor-widget elementor-widget-text-editor\" data-id=\"zfp558x\" data-element_type=\"widget\" data-e-type=\"widget\" data-widget_type=\"text-editor.default\">\n\t\t\t\t<div class=\"elementor-widget-container\">\n\t\t\t\t\t\t\t\t\t<p><span style=\"color: #333300;\">Association L&rsquo;Esparge<\/span><br \/><span style=\"color: #333300;\">7, rue du Calvaire<\/span><br \/><span style=\"color: #333300;\">55160 Les \u00c9parges<\/span><\/p><p><span style=\"color: #333300;\">Courriel: <a class=\"tm-blue-text\" style=\"color: #333300;\" href=\"mailto:lesparge@orange.fr\">lesparge@orange.fr<\/a><\/span><\/p><p><span style=\"color: #333300;\">T\u00e9l.:+33 9 63 67 14 92<\/span><\/p>\t\t\t\t\t\t\t\t<\/div>\n\t\t\t\t<\/div>\n\t\t\t\t\t<\/div>\n\t\t<\/div>\n\t\t\t\t<div class=\"elementor-column elementor-col-50 elementor-top-column elementor-element elementor-element-9261fe1\" data-id=\"9261fe1\" data-element_type=\"column\" data-e-type=\"column\">\n\t\t\t<div class=\"elementor-widget-wrap elementor-element-populated\">\n\t\t\t\t\t\t<div class=\"elementor-element elementor-element-8f80597 elementor-widget elementor-widget-google_maps\" data-id=\"8f80597\" data-element_type=\"widget\" data-e-type=\"widget\" data-widget_type=\"google_maps.default\">\n\t\t\t\t<div class=\"elementor-widget-container\">\n\t\t\t\t\t\t\t<div class=\"elementor-custom-embed\">\n\t\t\t<iframe loading=\"lazy\"\n\t\t\t\t\tsrc=\"https:\/\/maps.google.com\/maps?q=Les%20%C3%89parges&#038;t=m&#038;z=10&#038;output=embed&#038;iwloc=near\"\n\t\t\t\t\ttitle=\"Les \u00c9parges\"\n\t\t\t\t\taria-label=\"Les \u00c9parges\"\n\t\t\t><\/iframe>\n\t\t<\/div>\n\t\t\t\t\t\t<\/div>\n\t\t\t\t<\/div>\n\t\t\t\t\t<\/div>\n\t\t<\/div>\n\t\t\t\t\t<\/div>\n\t\t<\/section>\n\t\t\t\t<section class=\"elementor-section elementor-top-section elementor-element elementor-element-a4e8cb4 elementor-section-boxed elementor-section-height-default elementor-section-height-default\" data-id=\"a4e8cb4\" data-element_type=\"section\" data-e-type=\"section\">\n\t\t\t\t\t\t<div class=\"elementor-container elementor-column-gap-default\">\n\t\t\t\t\t<div class=\"elementor-column elementor-col-100 elementor-top-column elementor-element elementor-element-af0dc50\" data-id=\"af0dc50\" data-element_type=\"column\" data-e-type=\"column\">\n\t\t\t<div class=\"elementor-widget-wrap elementor-element-populated\">\n\t\t\t\t\t\t<div class=\"elementor-element elementor-element-a577cad elementor-widget-divider--view-line elementor-widget elementor-widget-divider\" data-id=\"a577cad\" data-element_type=\"widget\" data-e-type=\"widget\" data-widget_type=\"divider.default\">\n\t\t\t\t<div class=\"elementor-widget-container\">\n\t\t\t\t\t\t\t<div class=\"elementor-divider\">\n\t\t\t<span class=\"elementor-divider-separator\">\n\t\t\t\t\t\t<\/span>\n\t\t<\/div>\n\t\t\t\t\t\t<\/div>\n\t\t\t\t<\/div>\n\t\t\t\t\t<\/div>\n\t\t<\/div>\n\t\t\t\t\t<\/div>\n\t\t<\/section>\n\t\t\t\t<section class=\"elementor-section elementor-top-section elementor-element elementor-element-815863c elementor-section-boxed elementor-section-height-default elementor-section-height-default\" data-id=\"815863c\" data-element_type=\"section\" data-e-type=\"section\">\n\t\t\t\t\t\t<div class=\"elementor-container elementor-column-gap-default\">\n\t\t\t\t\t<div class=\"elementor-column elementor-col-100 elementor-top-column elementor-element elementor-element-ecd85b3\" data-id=\"ecd85b3\" data-element_type=\"column\" data-e-type=\"column\">\n\t\t\t<div class=\"elementor-widget-wrap elementor-element-populated\">\n\t\t\t\t\t\t<div class=\"elementor-element elementor-element-553478b center-mobile elementor-widget elementor-widget-heading\" data-id=\"553478b\" data-element_type=\"widget\" data-e-type=\"widget\" data-widget_type=\"heading.default\">\n\t\t\t\t<div class=\"elementor-widget-container\">\n\t\t\t\t\t<h2 class=\"elementor-heading-title elementor-size-default\">H\u00e9bergements \u00e0 Proximit\u00e9<\/h2>\t\t\t\t<\/div>\n\t\t\t\t<\/div>\n\t\t\t\t<div class=\"elementor-element elementor-element-cb114da elementor-widget elementor-widget-text-editor\" data-id=\"cb114da\" data-element_type=\"widget\" data-e-type=\"widget\" data-widget_type=\"text-editor.default\">\n\t\t\t\t<div class=\"elementor-widget-container\">\n\t\t\t\t\t\t\t\t\t<ul><li><span style=\"color: #333300;\"><span style=\"text-decoration: underline;\"><a class=\" \" style=\"color: #333300; text-decoration: underline;\" href=\"https:\/\/cheval-meuse.ffe.com\/page\/rub_1364981866\/1364981866\">La Ferme du Sonvaux <\/a><\/span>&#8211; Les \u00c9parges<\/span><\/li><li><span style=\"color: #333300;\"><a class=\" \" style=\"color: #333300;\" href=\"https:\/\/www.lejardindefresnes.fr\/\"><span style=\"text-decoration: underline;\">Le Jardin de Fresnes<\/span> <\/a>&#8211; Fresnes-en-Wo\u00ebvre<\/span><\/li><li><span style=\"color: #333300;\"><span style=\"text-decoration: underline;\"><a class=\" \" style=\"color: #333300; text-decoration: underline;\" href=\"https:\/\/www.gitesmeuse.com\/\">La Paysanne <\/a><\/span>&#8211; Fresnes-en-Wo\u00ebvre<\/span><\/li><li><span style=\"color: #333300;\"><span style=\"text-decoration: underline;\"><a class=\" \" style=\"color: #333300; text-decoration: underline;\" href=\"https:\/\/www.chambres-hotes.fr\/chambres-hotes_le-bon-etage_fresnes-en-woevre_h1498372.htm\">Le Bon&rsquo;\u00e9tage <\/a><\/span>&#8211; Fresnes-en-Wo\u00ebvre<\/span><\/li><li><span style=\"color: #333300;\"><span style=\"text-decoration: underline;\"><a class=\" \" style=\"color: #333300; text-decoration: underline;\" href=\"http:\/\/www.lametairiedesvergers.com\/fr\/\">La M\u00e9tairie des Vergers <\/a><\/span>&#8211; Watronville<\/span><\/li><\/ul>\t\t\t\t\t\t\t\t<\/div>\n\t\t\t\t<\/div>\n\t\t\t\t\t<\/div>\n\t\t<\/div>\n\t\t\t\t\t<\/div>\n\t\t<\/section>\n\t\t\t\t<\/div>\n\t\t","protected":false},"excerpt":{"rendered":"<p>Accueil du public Maison du Site des \u00c9parges 2bis, Place Maurice Genevoix55160 Les \u00c9parges Ouverture : Les jeudis de 14 h \u00e0 17 h 30 T\u00e9l.: +33 3 29 85 41 35 Adresse postale Association L&rsquo;Esparge7, rue du Calvaire55160 Les \u00c9parges Courriel: lesparge@orange.fr T\u00e9l.:+33 9 63 67 14 92 H\u00e9bergements \u00e0 Proximit\u00e9 La Ferme du [&hellip;]<\/p>\n","protected":false},"author":1,"featured_media":0,"parent":0,"menu_order":0,"comment_status":"closed","ping_status":"closed","template":"","meta":{"ocean_post_layout":"full-width","ocean_both_sidebars_style":"","ocean_both_sidebars_content_width":0,"ocean_both_sidebars_sidebars_width":0,"ocean_sidebar":"0","ocean_second_sidebar":"0","ocean_disable_margins":"enable","ocean_add_body_class":"","ocean_shortcode_before_top_bar":"","ocean_shortcode_after_top_bar":"","ocean_shortcode_before_header":"","ocean_shortcode_after_header":"","ocean_has_shortcode":"","ocean_shortcode_after_title":"","ocean_shortcode_before_footer_widgets":"","ocean_shortcode_after_footer_widgets":"","ocean_shortcode_before_footer_bottom":"","ocean_shortcode_after_footer_bottom":"","ocean_display_top_bar":"default","ocean_display_header":"default","ocean_header_style":"","ocean_center_header_left_menu":"0","ocean_custom_header_template":"0","ocean_custom_logo":0,"ocean_custom_retina_logo":0,"ocean_custom_logo_max_width":0,"ocean_custom_logo_tablet_max_width":0,"ocean_custom_logo_mobile_max_width":0,"ocean_custom_logo_max_height":0,"ocean_custom_logo_tablet_max_height":0,"ocean_custom_logo_mobile_max_height":0,"ocean_header_custom_menu":"0","ocean_menu_typo_font_family":"0","ocean_menu_typo_font_subset":"","ocean_menu_typo_font_size":0,"ocean_menu_typo_font_size_tablet":0,"ocean_menu_typo_font_size_mobile":0,"ocean_menu_typo_font_size_unit":"px","ocean_menu_typo_font_weight":"","ocean_menu_typo_font_weight_tablet":"","ocean_menu_typo_font_weight_mobile":"","ocean_menu_typo_transform":"","ocean_menu_typo_transform_tablet":"","ocean_menu_typo_transform_mobile":"","ocean_menu_typo_line_height":0,"ocean_menu_typo_line_height_tablet":0,"ocean_menu_typo_line_height_mobile":0,"ocean_menu_typo_line_height_unit":"","ocean_menu_typo_spacing":0,"ocean_menu_typo_spacing_tablet":0,"ocean_menu_typo_spacing_mobile":0,"ocean_menu_typo_spacing_unit":"","ocean_menu_link_color":"","ocean_menu_link_color_hover":"","ocean_menu_link_color_active":"","ocean_menu_link_background":"","ocean_menu_link_hover_background":"","ocean_menu_link_active_background":"","ocean_menu_social_links_bg":"","ocean_menu_social_hover_links_bg":"","ocean_menu_social_links_color":"","ocean_menu_social_hover_links_color":"","ocean_disable_title":"default","ocean_disable_heading":"default","ocean_post_title":"","ocean_post_subheading":"Pour venir nous rendre visite...","ocean_post_title_style":"background-image","ocean_post_title_background_color":"","ocean_post_title_background":633,"ocean_post_title_bg_image_position":"center left","ocean_post_title_bg_image_attachment":"","ocean_post_title_bg_image_repeat":"","ocean_post_title_bg_image_size":"","ocean_post_title_height":0,"ocean_post_title_bg_overlay":0.5,"ocean_post_title_bg_overlay_color":"","ocean_disable_breadcrumbs":"default","ocean_breadcrumbs_color":"","ocean_breadcrumbs_separator_color":"","ocean_breadcrumbs_links_color":"","ocean_breadcrumbs_links_hover_color":"","ocean_display_footer_widgets":"default","ocean_display_footer_bottom":"default","ocean_custom_footer_template":"0","footnotes":""},"class_list":["post-68","page","type-page","status-publish","hentry","entry"],"_links":{"self":[{"href":"https:\/\/lesparge.fr\/index.php\/wp-json\/wp\/v2\/pages\/68","targetHints":{"allow":["GET"]}}],"collection":[{"href":"https:\/\/lesparge.fr\/index.php\/wp-json\/wp\/v2\/pages"}],"about":[{"href":"https:\/\/lesparge.fr\/index.php\/wp-json\/wp\/v2\/types\/page"}],"author":[{"embeddable":true,"href":"https:\/\/lesparge.fr\/index.php\/wp-json\/wp\/v2\/users\/1"}],"replies":[{"embeddable":true,"href":"https:\/\/lesparge.fr\/index.php\/wp-json\/wp\/v2\/comments?post=68"}],"version-history":[{"count":53,"href":"https:\/\/lesparge.fr\/index.php\/wp-json\/wp\/v2\/pages\/68\/revisions"}],"predecessor-version":[{"id":4492,"href":"https:\/\/lesparge.fr\/index.php\/wp-json\/wp\/v2\/pages\/68\/revisions\/4492"}],"wp:attachment":[{"href":"https:\/\/lesparge.fr\/index.php\/wp-json\/wp\/v2\/media?parent=68"}],"curies":[{"name":"wp","href":"https:\/\/api.w.org\/{rel}","templated":true}]}}